{"id":1019,"date":"2022-11-23T12:40:13","date_gmt":"2022-11-23T11:40:13","guid":{"rendered":"http:\/\/sierpcpiw.eu\/?page_id=1019"},"modified":"2024-03-21T13:41:05","modified_gmt":"2024-03-21T12:41:05","slug":"dostepnosc","status":"publish","type":"page","link":"https:\/\/sierpcpiw.eu\/index.php\/dostepnosc\/","title":{"rendered":"Dost\u0119pno\u015b\u0107"},"content":{"rendered":"\t\t<div data-elementor-type=\"wp-page\" data-elementor-id=\"1019\" class=\"elementor elementor-1019\">\n\t\t\t\t\t\t<div class=\"elementor-inner\">\n\t\t\t\t<div class=\"elementor-section-wrap\">\n\t\t\t\t\t\t\t\t\t<section class=\"elementor-section elementor-top-section elementor-element elementor-element-24cbd97 elementor-section-boxed elementor-section-height-default elementor-section-height-default\" data-id=\"24cbd97\" data-element_type=\"section\">\n\t\t\t\t\t\t<div class=\"elementor-container elementor-column-gap-default\">\n\t\t\t\t\t\t\t<div class=\"elementor-row\">\n\t\t\t\t\t<div class=\"elementor-column elementor-col-100 elementor-top-column elementor-element elementor-element-2594b7e\" data-id=\"2594b7e\" data-element_type=\"column\">\n\t\t\t<div class=\"elementor-column-wrap elementor-element-populated\">\n\t\t\t\t\t\t\t<div class=\"elementor-widget-wrap\">\n\t\t\t\t\t\t<div class=\"elementor-element elementor-element-43c6518 elementor-widget elementor-widget-text-editor\" data-id=\"43c6518\" data-element_type=\"widget\" data-widget_type=\"text-editor.default\">\n\t\t\t\t<div class=\"elementor-widget-container\">\n\t\t\t\t\t\t\t\t<div class=\"elementor-text-editor elementor-clearfix\">\n\t\t\t\t<p>Dost\u0119pno\u015b\u0107<\/p><p><strong>DEKLARACJA DOST\u0118PNO\u015aCI<\/strong><\/p><p><strong>Powiatowy Inspektorat Weterynarii w Sierpcu zobowi\u0105zuje si\u0119 zapewni\u0107 dost\u0119pno\u015b\u0107 swojej strony internetowej zgodnie z ustaw\u0105 z dnia 4 kwietnia 2019 r. o dost\u0119pno\u015bci cyfrowej stron internetowych i aplikacji mobilnych podmiot\u00f3w publicznych. O\u015bwiadczenie w sprawie dost\u0119pno\u015bci ma zastosowanie do strony internetowej Powiatowego Inspektoratu Weterynarii w Sierpcu.<\/strong><\/p><p><strong>Data publikacji strony internetowej: 30.11.2008 r.<br \/>Data ostatniej istotnej aktualizacji: 23.11.2022 r.<\/strong><\/p><p><strong>Strona internetowa jest cz\u0119\u015bciowo zgodna z ustaw\u0105 z dnia 4 kwietnia 2019 r. o dost\u0119pno\u015bci cyfrowej stron internetowych i aplikacji mobilnych podmiot\u00f3w publicznych.<\/strong><\/p><p><strong>Mog\u0105 zdarzy\u0107 si\u0119 sytuacje, \u017ce niekt\u00f3re dokumenty opublikowane na stronie s\u0105 niedost\u0119pne z uwagi na fakt, \u017ce:<\/strong><\/p><ul><li><strong>\u2013 pochodz\u0105 z r\u00f3\u017cnych \u017ar\u00f3de\u0142;<\/strong><\/li><li><strong>\u2013 zosta\u0142y opublikowane w oparciu o zasady przyj\u0119te w innej instytucji;<\/strong><\/li><li><strong>\u2013 zosta\u0142y opublikowane przed wej\u015bciem w \u017cycie ustawy o dost\u0119pno\u015bci cyfrowej.<\/strong><\/li><\/ul><p><strong>Mo\u017ce si\u0119 tak\u017ce zdarzy\u0107 sytuacja, \u017ce niekt\u00f3re filmy zamieszczone w serwisie mog\u0105 nie posiada\u0107 napis\u00f3w lub innych wymaganych element\u00f3w, z uwagi na fakt, \u017ce zosta\u0142y opublikowane r\u00f3wnie\u017c przed wej\u015bciem w \u017cycie ustawy o dost\u0119pno\u015bci cyfrowej.<\/strong><\/p><p><strong>O\u015bwiadczenie sporz\u0105dzono dnia 23.11.2022 r. Deklaracj\u0119 sporz\u0105dzono na podstawie samooceny przeprowadzonej przez podmiot publiczny.<\/strong><\/p><p><strong>INFORMACJE ZWROTNE I DANE KONTAKTOWE<\/strong><\/p><p><strong>W przypadku problem\u00f3w z dost\u0119pno\u015bci\u0105 strony internetowej prosimy o kontakt z koordynatorem do spraw dost\u0119pno\u015bci pod adresem <\/strong><a href=\"mailto:sierpc.piw@vp.pl\"><strong>piw@sierpcpiw.eu<\/strong><\/a><strong>\u00a0lub pod numerem telefonu 24 275 29 95 wew. 20. T\u0105 sam\u0105 drog\u0105 mo\u017cna sk\u0142ada\u0107 wnioski o udost\u0119pnienie informacji niedost\u0119pnej oraz sk\u0142ada\u0107 \u017c\u0105dania zapewnienia dost\u0119pno\u015bci.<\/strong><\/p><p><strong>Ka\u017cdy ma prawo do wyst\u0105pienia z \u017c\u0105daniem zapewnienia dost\u0119pno\u015bci cyfrowej strony internetowej, aplikacji mobilnej lub jakiego\u015b ich elementu. Mo\u017cna tak\u017ce za\u017c\u0105da\u0107 udost\u0119pnienia informacji za pomoc\u0105 alternatywnego sposobu dost\u0119pu, na przyk\u0142ad przez odczytanie niedost\u0119pnego cyfrowo dokumentu, opisanie zawarto\u015bci filmu bez \u00a0audiodeskrypcji itp. \u017b\u0105danie powinno zawiera\u0107 dane osoby zg\u0142aszaj\u0105cej wskazanie, o kt\u00f3r\u0105 stron\u0119 internetow\u0105 chodzi b\u0105d\u017a jej element oraz spos\u00f3b kontaktu. Je\u017celi osoba \u017c\u0105daj\u0105ca zg\u0142asza potrzeb\u0119 otrzymania informacji za pomoc\u0105 alternatywnego sposobu dost\u0119pu, powinna tak\u017ce okre\u015bli\u0107 dogodny dla niej spos\u00f3b przedstawienia tej informacji. Podmiot publiczny powinien zrealizowa\u0107 \u017c\u0105danie niezw\u0142ocznie, nie p\u00f3\u017aniej ni\u017c w ci\u0105gu 7 dni od dnia wyst\u0105pienia z \u017c\u0105daniem. Je\u017celi dotrzymanie tego terminu nie jest mo\u017cliwe, podmiot publiczny niezw\u0142ocznie informuje o tym wnosz\u0105cego \u017c\u0105danie, kiedy jego realizacja b\u0119dzie mo\u017cliwa, przy czym termin ten nie mo\u017ce by\u0107 d\u0142u\u017cszy ni\u017c 2 miesi\u0105ce od dnia wyst\u0105pienia z \u017c\u0105daniem. Je\u017celi zapewnienie dost\u0119pno\u015bci cyfrowej nie jest mo\u017cliwe, podmiot publiczny mo\u017ce zaproponowa\u0107 alternatywny spos\u00f3b dost\u0119pu do informacji. W przypadku, gdy podmiot publiczny odm\u00f3wi realizacji \u017c\u0105dania zapewnienia dost\u0119pno\u015bci lub alternatywnego sposobu dost\u0119pu do informacji, wnosz\u0105cy \u017c\u0105danie mo\u017cne z\u0142o\u017cy\u0107 skarg\u0119 w sprawie zapewniana dost\u0119pno\u015bci cyfrowej strony internetowej, aplikacji mobilnej lub elementu strony internetowej, lub aplikacji mobilnej. Po wyczerpaniu wskazanej wy\u017cej procedury mo\u017cna tak\u017ce z\u0142o\u017cy\u0107 wniosek do Rzecznika Praw Obywatelskich.<\/strong><\/p><p><strong>Link do strony internetowej\u00a0<\/strong><a href=\"https:\/\/www.rpo.gov.pl\/\"><strong>Rzecznika Praw Obywatelskich<\/strong><\/a><strong>.<\/strong><\/p><p><strong>DOST\u0118PNO\u015a\u0106 \u2013 INFORMACJA DLA OS\u00d3B Z NIEPE\u0141NOSPRAWNO\u015aCIAMI<\/strong><\/p><p><strong>Powiatowy Inspektorat Weterynarii na stronie internetowej oferuje us\u0142ug\u0119 w lewym\u00a0g\u00f3rnym rogu WCAG\u00a0<\/strong><\/p><p><strong>Koordynator ds. dost\u0119pno\u015bci\u00a0pracuje od poniedzia\u0142ku do pi\u0105tku w godzinach 8.00-15.00. <\/strong><\/p><p><strong>Ka\u017cda osoba odwiedzaj\u0105ca Powiatowy Inspektorat Weterynarii mo\u017ce przyj\u015b\u0107 do nas z wybran\u0105 osob\u0105 towarzysz\u0105c\u0105.<\/strong><\/p><p><strong>Budynek<\/strong><\/p><p><strong>W budynku Powiatowego Inspektoratu Weterynarii w Sierpc przy ulicy Konstytucji 3-go Maja 40A przewidywana jest modernizacja<\/strong> <strong>dla os\u00f3b z niepe\u0142nosprawno\u015bciami<\/strong><strong>.<\/strong><\/p><p><strong>Wej\u015bcie do budynku znajduje si\u0119 od strony zachodniej ulicy Konstytucji 3-go Maja 40A. Do wej\u015bcia prowadz\u0105 schody bez podjazdu. Pomieszczenia znajduj\u0105 si\u0119 na parterze i pierwszym pi\u0119trze. Sekretariat jest ulokowany na parterze po lewej.<\/strong><\/p><p><strong>U\u0142atwienia dla os\u00f3b z niepe\u0142nosprawno\u015bciami<\/strong><\/p><ul><li><strong>Mo\u017cliwy jest wst\u0119p z psem asystuj\u0105cym i psem przewodnikiem do wszystkich pomieszcze\u0144 budynku<\/strong><\/li><li><strong>Cz\u0119\u015b\u0107 pomieszcze\u0144 biurowych zlokalizowanych jest na parterze budynku<\/strong><\/li><li><strong>P\u0119tla indukcyjna<\/strong><\/li><\/ul><p><strong>Budynek mo\u017ce stwarza\u0107 problemy dla os\u00f3b niepe\u0142nosprawnych ruchowo<\/strong><\/p><ul><li><strong>W obiekcie brak jest pochylni oraz windy<\/strong><\/li><li><strong>Toaleta nie jest dostosowana dla os\u00f3b z niepe\u0142nosprawno\u015bciami<\/strong><\/li><li><strong>Dost\u0119pno\u015b\u0107 i szeroko\u015b\u0107 drzwi w pomieszczeniach nie jest w\u0142a\u015bciwa dla os\u00f3b poruszaj\u0105cych si\u0119 na w\u00f3zkach<\/strong><\/li><li><strong>W budynku nie ma oznacze\u0144 w alfabecie\u00a0Braille\u2019a,\u00a0 oznacze\u0144 kontrastowych ani informacji g\u0142osowych<\/strong><\/li><\/ul><p><strong>\u00a0<\/strong><\/p><p><strong>Osoby z niepe\u0142nosprawno\u015bci\u0105 wzroku<\/strong><\/p><p><strong>Na \u017cyczenie os\u00f3b s\u0142abowidz\u0105cych Powiatowy Inspektorat Weterynarii oferuje u\u017cyczenie lupy powi\u0119kszaj\u0105cej b\u0105d\u017a udost\u0119pnianie informacji w druku powi\u0119kszonym.<\/strong><\/p><p><strong>Osoby z problemami s\u0142uchu<\/strong><\/p><p><strong>Osoby nies\u0142ysz\u0105ce lub niedos\u0142ysz\u0105ce mog\u0105 r\u00f3wnie\u017c skorzysta\u0107 z pomocy t\u0142umacza migowego on-line w siedzibie Inspektoratu, poprzez stron\u0119 internetow\u0105\u00a0<\/strong><a href=\"https:\/\/pzgomaz.com\/\"><strong>https:\/\/pzgomaz.com\/<\/strong><\/a><\/p><p><strong>Osoba zainteresowana osobist\u0105 wizyt\u0105 powinna z\u0142o\u017cy\u0107 wniosek co najmniej 3 dni robocze przed proponowan\u0105 wizyt\u0105.<\/strong><\/p><p><strong>We wniosku prosimy zaproponowa\u0107 termin spotkania oraz opisa\u0107 temat sprawy. Zapewniamy dost\u0119p do t\u0142umacza on-line polskiego j\u0119zyka migowego w godzinach 8:00-15:00.<\/strong><\/p><p><strong>Wniosek mo\u017cna przes\u0142a\u0107 mailowo na adres:<\/strong><\/p><ul><li><a href=\"mailto:sierpc.piw@vp.pl\">piw@sierpcpiw.eu<\/a><\/li><\/ul><p><strong>lub faksem pod numerem:<\/strong><\/p><ul><li><strong>24 275 29 95 wewn\u0119trzny 13<\/strong><\/li><\/ul><p><strong>Deklaracja dost\u0119pno\u015bci jest dost\u0119pna w formie pliku pdf pod linkiem:<\/strong><\/p><p><a href=\"https:\/\/sierpcpiw.eu\/wp-content\/uploads\/2022\/11\/Deklaracja.docx\"><strong>Deklaracja Dost\u0119pno\u015bci<\/strong><\/a><strong>\u00a0<\/strong><\/p>\t\t\t\t\t<\/div>\n\t\t\t\t\t\t<\/div>\n\t\t\t\t<\/div>\n\t\t\t\t\t\t<\/div>\n\t\t\t\t\t<\/div>\n\t\t<\/div>\n\t\t\t\t\t\t\t\t<\/div>\n\t\t\t\t\t<\/div>\n\t\t<\/section>\n\t\t\t\t\t\t\t\t\t<\/div>\n\t\t\t<\/div>\n\t\t\t\t\t<\/div>\n\t\t","protected":false},"excerpt":{"rendered":"<p>Dost\u0119pno\u015b\u0107 DEKLARACJA DOST\u0118PNO\u015aCI Powiatowy Inspektorat Weterynarii w Sierpcu zobowi\u0105zuje si\u0119 zapewni\u0107 dost\u0119pno\u015b\u0107 swojej strony internetowej zgodnie z ustaw\u0105 z dnia 4 kwietnia 2019 r. o dost\u0119pno\u015bci cyfrowej stron internetowych i aplikacji mobilnych podmiot\u00f3w publicznych. O\u015bwiadczenie w sprawie dost\u0119pno\u015bci ma zastosowanie do strony internetowej Powiatowego Inspektoratu Weterynarii w Sierpcu. Data publikacji strony internetowej: 30.11.2008 r.Data ostatniej [&hellip;]<\/p>\n","protected":false},"author":1,"featured_media":0,"parent":0,"menu_order":0,"comment_status":"closed","ping_status":"closed","template":"","meta":{"footnotes":""},"class_list":["post-1019","page","type-page","status-publish","hentry","post"],"_links":{"self":[{"href":"https:\/\/sierpcpiw.eu\/index.php\/wp-json\/wp\/v2\/pages\/1019","targetHints":{"allow":["GET"]}}],"collection":[{"href":"https:\/\/sierpcpiw.eu\/index.php\/wp-json\/wp\/v2\/pages"}],"about":[{"href":"https:\/\/sierpcpiw.eu\/index.php\/wp-json\/wp\/v2\/types\/page"}],"author":[{"embeddable":true,"href":"https:\/\/sierpcpiw.eu\/index.php\/wp-json\/wp\/v2\/users\/1"}],"replies":[{"embeddable":true,"href":"https:\/\/sierpcpiw.eu\/index.php\/wp-json\/wp\/v2\/comments?post=1019"}],"version-history":[{"count":127,"href":"https:\/\/sierpcpiw.eu\/index.php\/wp-json\/wp\/v2\/pages\/1019\/revisions"}],"predecessor-version":[{"id":1530,"href":"https:\/\/sierpcpiw.eu\/index.php\/wp-json\/wp\/v2\/pages\/1019\/revisions\/1530"}],"wp:attachment":[{"href":"https:\/\/sierpcpiw.eu\/index.php\/wp-json\/wp\/v2\/media?parent=1019"}],"curies":[{"name":"wp","href":"https:\/\/api.w.org\/{rel}","templated":true}]}}