{"id":1202,"date":"2022-12-15T09:01:54","date_gmt":"2022-12-15T08:01:54","guid":{"rendered":"https:\/\/sierpcpiw.eu\/?page_id=1202"},"modified":"2022-12-15T10:27:28","modified_gmt":"2022-12-15T09:27:28","slug":"zgloszenie-zaladunku-wyladunku-zwierzat","status":"publish","type":"page","link":"https:\/\/sierpcpiw.eu\/index.php\/zgloszenie-zaladunku-wyladunku-zwierzat\/","title":{"rendered":"Zg\u0142oszenie za\u0142adunku \/ wy\u0142adunku zwierz\u0105t"},"content":{"rendered":"\t\t<div data-elementor-type=\"wp-page\" data-elementor-id=\"1202\" class=\"elementor elementor-1202\">\n\t\t\t\t\t\t<div class=\"elementor-inner\">\n\t\t\t\t<div class=\"elementor-section-wrap\">\n\t\t\t\t\t\t\t\t\t<section class=\"elementor-section elementor-top-section elementor-element elementor-element-a20d9ca elementor-section-boxed elementor-section-height-default elementor-section-height-default\" data-id=\"a20d9ca\" data-element_type=\"section\">\n\t\t\t\t\t\t<div class=\"elementor-container elementor-column-gap-default\">\n\t\t\t\t\t\t\t<div class=\"elementor-row\">\n\t\t\t\t\t<div class=\"elementor-column elementor-col-100 elementor-top-column elementor-element elementor-element-200eccd\" data-id=\"200eccd\" data-element_type=\"column\">\n\t\t\t<div class=\"elementor-column-wrap elementor-element-populated\">\n\t\t\t\t\t\t\t<div class=\"elementor-widget-wrap\">\n\t\t\t\t\t\t<div class=\"elementor-element elementor-element-5ae7d97 elementor-widget elementor-widget-text-editor\" data-id=\"5ae7d97\" data-element_type=\"widget\" data-widget_type=\"text-editor.default\">\n\t\t\t\t<div class=\"elementor-widget-container\">\n\t\t\t\t\t\t\t\t<div class=\"elementor-text-editor elementor-clearfix\">\n\t\t\t\t<p>Zgodnie z Art. 5 ust 8 ustawy o ochronie zwierz\u0105t oraz zwalczania chor\u00f3b zaka\u017anych zwierz\u0105t (Dz.U.2020 poz. 1421) podmioty prowadz\u0105ce dzia\u0142alno\u015b\u0107 nadzorowan\u0105 polegaj\u0105c\u0105 na zarobkowym transporcie zwierz\u0105t lub skupie zwierz\u0105t s\u0105 zobowi\u0105zane do zawiadamiania powiatowego lekarza weterynarii w\u0142a\u015bciwego ze wzgl\u0119du na miejsce za\u0142adunku i wy\u0142adunku zwierz\u0105t o czasie i miejscu organizowania za\u0142adunku i wy\u0142adunku zwierz\u0105t co najmniej na 24 godziny przed planowanym terminem za\u0142adunkiem i wy\u0142adunkiem zwierz\u0105t<\/p>\t\t\t\t\t<\/div>\n\t\t\t\t\t\t<\/div>\n\t\t\t\t<\/div>\n\t\t\t\t\t\t<\/div>\n\t\t\t\t\t<\/div>\n\t\t<\/div>\n\t\t\t\t\t\t\t\t<\/div>\n\t\t\t\t\t<\/div>\n\t\t<\/section>\n\t\t\t\t<section class=\"elementor-section elementor-top-section elementor-element elementor-element-fcf4fbc elementor-section-boxed elementor-section-height-default elementor-section-height-default\" data-id=\"fcf4fbc\" data-element_type=\"section\">\n\t\t\t\t\t\t<div class=\"elementor-container elementor-column-gap-default\">\n\t\t\t\t\t\t\t<div class=\"elementor-row\">\n\t\t\t\t\t<div class=\"elementor-column elementor-col-100 elementor-top-column elementor-element elementor-element-244061b\" data-id=\"244061b\" data-element_type=\"column\">\n\t\t\t<div class=\"elementor-column-wrap elementor-element-populated\">\n\t\t\t\t\t\t\t<div class=\"elementor-widget-wrap\">\n\t\t\t\t\t\t<div class=\"elementor-element elementor-element-1e87c90 elementor-align-center elementor-widget elementor-widget-button\" data-id=\"1e87c90\" data-element_type=\"widget\" data-widget_type=\"button.default\">\n\t\t\t\t<div class=\"elementor-widget-container\">\n\t\t\t\t\t<div class=\"elementor-button-wrapper\">\n\t\t\t<a href=\"https:\/\/docs.google.com\/forms\/d\/1og398MKYqqg8uX7AHBUrMfgMiup7uy1CxD4yue1pj4g\/viewform\" class=\"elementor-button-link elementor-button elementor-size-sm\" role=\"button\">\n\t\t\t\t\t\t<span class=\"elementor-button-content-wrapper\">\n\t\t\t\t\t\t\t<span class=\"elementor-button-icon elementor-align-icon-left\">\n\t\t\t\t<i aria-hidden=\"true\" class=\"far fa-hand-point-up\"><\/i>\t\t\t<\/span>\n\t\t\t\t\t\t<span class=\"elementor-button-text\">Zg\u0142oszenie za\u0142adunku \/ wy\u0142adunku zwierz\u0105t - formularz online <\/span>\n\t\t<\/span>\n\t\t\t\t\t<\/a>\n\t\t<\/div>\n\t\t\t\t<\/div>\n\t\t\t\t<\/div>\n\t\t\t\t\t\t<\/div>\n\t\t\t\t\t<\/div>\n\t\t<\/div>\n\t\t\t\t\t\t\t\t<\/div>\n\t\t\t\t\t<\/div>\n\t\t<\/section>\n\t\t\t\t<section class=\"elementor-section elementor-top-section elementor-element elementor-element-83ba1f9 elementor-section-boxed elementor-section-height-default elementor-section-height-default\" data-id=\"83ba1f9\" data-element_type=\"section\">\n\t\t\t\t\t\t<div class=\"elementor-container elementor-column-gap-default\">\n\t\t\t\t\t\t\t<div class=\"elementor-row\">\n\t\t\t\t\t<div class=\"elementor-column elementor-col-100 elementor-top-column elementor-element elementor-element-ef55f18\" data-id=\"ef55f18\" data-element_type=\"column\">\n\t\t\t<div class=\"elementor-column-wrap elementor-element-populated\">\n\t\t\t\t\t\t\t<div class=\"elementor-widget-wrap\">\n\t\t\t\t\t\t<div class=\"elementor-element elementor-element-0c090dc elementor-widget__width-initial elementor-aspect-ratio-169 elementor-widget elementor-widget-video\" data-id=\"0c090dc\" data-element_type=\"widget\" data-settings=\"{&quot;video_type&quot;:&quot;hosted&quot;,&quot;autoplay&quot;:&quot;yes&quot;,&quot;loop&quot;:&quot;yes&quot;,&quot;play_on_mobile&quot;:&quot;yes&quot;,&quot;aspect_ratio&quot;:&quot;169&quot;}\" data-widget_type=\"video.default\">\n\t\t\t\t<div class=\"elementor-widget-container\">\n\t\t\t\t\t<div class=\"e-hosted-video elementor-wrapper elementor-fit-aspect-ratio elementor-open-inline\">\n\t\t\t\t\t<video class=\"elementor-video\" src=\"https:\/\/sierpcpiw.eu\/wp-content\/uploads\/2022\/12\/Ciezarowka.mp4\" autoplay=\"\" loop=\"\" playsinline=\"\" controlsList=\"nodownload\"><\/video>\n\t\t\t\t<\/div>\n\t\t\t\t<\/div>\n\t\t\t\t<\/div>\n\t\t\t\t\t\t<\/div>\n\t\t\t\t\t<\/div>\n\t\t<\/div>\n\t\t\t\t\t\t\t\t<\/div>\n\t\t\t\t\t<\/div>\n\t\t<\/section>\n\t\t\t\t\t\t\t\t\t<\/div>\n\t\t\t<\/div>\n\t\t\t\t\t<\/div>\n\t\t","protected":false},"excerpt":{"rendered":"<p>Zgodnie z Art. 5 ust 8 ustawy o ochronie zwierz\u0105t oraz zwalczania chor\u00f3b zaka\u017anych zwierz\u0105t (Dz.U.2020 poz. 1421) podmioty prowadz\u0105ce dzia\u0142alno\u015b\u0107 nadzorowan\u0105 polegaj\u0105c\u0105 na zarobkowym transporcie zwierz\u0105t lub skupie zwierz\u0105t s\u0105 zobowi\u0105zane do zawiadamiania powiatowego lekarza weterynarii w\u0142a\u015bciwego ze wzgl\u0119du na miejsce za\u0142adunku i wy\u0142adunku zwierz\u0105t o czasie i miejscu organizowania za\u0142adunku i wy\u0142adunku zwierz\u0105t [&hellip;]<\/p>\n","protected":false},"author":1,"featured_media":0,"parent":0,"menu_order":0,"comment_status":"closed","ping_status":"closed","template":"","meta":{"footnotes":""},"class_list":["post-1202","page","type-page","status-publish","hentry","post"],"_links":{"self":[{"href":"https:\/\/sierpcpiw.eu\/index.php\/wp-json\/wp\/v2\/pages\/1202","targetHints":{"allow":["GET"]}}],"collection":[{"href":"https:\/\/sierpcpiw.eu\/index.php\/wp-json\/wp\/v2\/pages"}],"about":[{"href":"https:\/\/sierpcpiw.eu\/index.php\/wp-json\/wp\/v2\/types\/page"}],"author":[{"embeddable":true,"href":"https:\/\/sierpcpiw.eu\/index.php\/wp-json\/wp\/v2\/users\/1"}],"replies":[{"embeddable":true,"href":"https:\/\/sierpcpiw.eu\/index.php\/wp-json\/wp\/v2\/comments?post=1202"}],"version-history":[{"count":35,"href":"https:\/\/sierpcpiw.eu\/index.php\/wp-json\/wp\/v2\/pages\/1202\/revisions"}],"predecessor-version":[{"id":1247,"href":"https:\/\/sierpcpiw.eu\/index.php\/wp-json\/wp\/v2\/pages\/1202\/revisions\/1247"}],"wp:attachment":[{"href":"https:\/\/sierpcpiw.eu\/index.php\/wp-json\/wp\/v2\/media?parent=1202"}],"curies":[{"name":"wp","href":"https:\/\/api.w.org\/{rel}","templated":true}]}}