{"id":477,"date":"2021-10-27T14:28:56","date_gmt":"2021-10-27T12:28:56","guid":{"rendered":"http:\/\/sierpcpiw.eu\/?page_id=477"},"modified":"2025-11-05T14:39:04","modified_gmt":"2025-11-05T13:39:04","slug":"asf","status":"publish","type":"page","link":"https:\/\/sierpcpiw.eu\/index.php\/asf\/","title":{"rendered":"Aktualno\u015bci"},"content":{"rendered":"\t\t<div data-elementor-type=\"wp-page\" data-elementor-id=\"477\" class=\"elementor elementor-477\">\n\t\t\t\t\t\t<div class=\"elementor-inner\">\n\t\t\t\t<div class=\"elementor-section-wrap\">\n\t\t\t\t\t\t\t\t\t<section class=\"elementor-section elementor-top-section elementor-element elementor-element-28f6625a elementor-section-boxed elementor-section-height-default elementor-section-height-default\" data-id=\"28f6625a\" data-element_type=\"section\">\n\t\t\t\t\t\t<div class=\"elementor-container elementor-column-gap-default\">\n\t\t\t\t\t\t\t<div class=\"elementor-row\">\n\t\t\t\t\t<div class=\"elementor-column elementor-col-100 elementor-top-column elementor-element elementor-element-1cf33b25\" data-id=\"1cf33b25\" data-element_type=\"column\">\n\t\t\t<div class=\"elementor-column-wrap elementor-element-populated\">\n\t\t\t\t\t\t\t<div class=\"elementor-widget-wrap\">\n\t\t\t\t\t\t<div class=\"elementor-element elementor-element-6a63a7cc elementor-widget elementor-widget-text-editor\" data-id=\"6a63a7cc\" data-element_type=\"widget\" data-widget_type=\"text-editor.default\">\n\t\t\t\t<div class=\"elementor-widget-container\">\n\t\t\t\t\t\t\t\t<div class=\"elementor-text-editor elementor-clearfix\">\n\t\t\t\t<h1><span style=\"text-decoration: underline;\"><strong>Plik<\/strong><strong>\u00a0 do pobrania<\/strong><\/span><strong>\u00a0<\/strong><\/h1>\t\t\t\t\t<\/div>\n\t\t\t\t\t\t<\/div>\n\t\t\t\t<\/div>\n\t\t\t\t\t\t<\/div>\n\t\t\t\t\t<\/div>\n\t\t<\/div>\n\t\t\t\t\t\t\t\t<\/div>\n\t\t\t\t\t<\/div>\n\t\t<\/section>\n\t\t\t\t<section class=\"elementor-section elementor-top-section elementor-element elementor-element-79a4fbd elementor-section-boxed elementor-section-height-default elementor-section-height-default\" data-id=\"79a4fbd\" data-element_type=\"section\">\n\t\t\t\t\t\t<div class=\"elementor-container elementor-column-gap-default\">\n\t\t\t\t\t\t\t<div class=\"elementor-row\">\n\t\t\t\t\t<div class=\"elementor-column elementor-col-100 elementor-top-column elementor-element elementor-element-2e85355\" data-id=\"2e85355\" data-element_type=\"column\">\n\t\t\t<div class=\"elementor-column-wrap elementor-element-populated\">\n\t\t\t\t\t\t\t<div class=\"elementor-widget-wrap\">\n\t\t\t\t\t\t<div class=\"elementor-element elementor-element-f2756b4 elementor-widget elementor-widget-text-editor\" data-id=\"f2756b4\" data-element_type=\"widget\" data-widget_type=\"text-editor.default\">\n\t\t\t\t<div class=\"elementor-widget-container\">\n\t\t\t\t\t\t\t\t<div class=\"elementor-text-editor elementor-clearfix\">\n\t\t\t\t<p><a href=\"https:\/\/sierpcpiw.eu\/wp-content\/uploads\/2025\/11\/Wyznaczenia-2026.pdf\">Wyznaczenia 2026<\/a><\/p><p><a href=\"https:\/\/sierpcpiw.eu\/wp-content\/uploads\/2025\/08\/ZGLOSZENIE-WSTEPNEJ-GOTOWOSCI.pdf\">ZG\u0141OSZENIE WST\u0118PNEJ GOTOWO\u015aCI<\/a><\/p><p><a href=\"https:\/\/sierpcpiw.eu\/wp-content\/uploads\/2025\/08\/Wyznaczenia-2025.pdf\">Wyznaczenia 2025-ND<\/a><\/p><p><a href=\"https:\/\/sierpcpiw.eu\/wp-content\/uploads\/2024\/10\/Wyznaczenia-2025.pdf\">Wyznaczenie 2025\u00a0<\/a><\/p><p><a href=\"https:\/\/sierpcpiw.eu\/wp-content\/uploads\/2023\/11\/Wyznaczenie-2024.pdf\">Wyznaczenie 2024\u00a0<\/a><\/p><p><a href=\"https:\/\/sierpcpiw.eu\/wp-content\/uploads\/2023\/11\/Zgloszenie-wst.-gotowosci-1.pdf\">Zg\u0142oszenie wst. gotowo\u015bci.<\/a><\/p><p><a href=\"https:\/\/sierpcpiw.eu\/wp-content\/uploads\/2022\/11\/Ogloszenie.docx\">Og\u0142oszenie &#8211; Planowana liczba wyznacze\u0144 <\/a><\/p><p><a href=\"https:\/\/sierpcpiw.eu\/wp-content\/uploads\/2021\/11\/Ogloszenie-Wyznaczenia-2022.pdf\"> Og\u0142oszenie Wyznaczenia 2022<\/a><\/p><p><a href=\"https:\/\/sierpcpiw.eu\/wp-content\/uploads\/2021\/11\/zgloszenie-gotowosci.docx\">zg\u0142oszenie gotowo\u015bci<\/a><\/p><p><a href=\"https:\/\/sierpcpiw.eu\/wp-content\/uploads\/2022\/01\/20220114084218243.pdf\">Zarz\u0105dzenie nr3 z dnia 11.01.22<\/a><\/p><p><a href=\"https:\/\/sierpcpiw.eu\/wp-content\/uploads\/2023\/04\/oswiadczenie-o-stanie-kontroli-zarzadczej-za-2022-rok.pdf\">Oswiadczenie o stanie kontroli zarzadczej za 2022 rok<\/a><\/p><p><a href=\"https:\/\/sierpcpiw.eu\/wp-content\/uploads\/2023\/04\/oswiadczenie-o-stanie-kontroli-zarzadczej-za-2022-rok.pdf\">Oswiadczenie oswiadczenie o stanie kontroli zarzadczej za 2022 rok<\/a><\/p><p><a href=\"https:\/\/sierpcpiw.eu\/wp-content\/uploads\/2023\/04\/Sprawozdania-finansowe-2022-1.pdf\">Sprawozdania finansowe 2022<\/a><\/p>\t\t\t\t\t<\/div>\n\t\t\t\t\t\t<\/div>\n\t\t\t\t<\/div>\n\t\t\t\t\t\t<\/div>\n\t\t\t\t\t<\/div>\n\t\t<\/div>\n\t\t\t\t\t\t\t\t<\/div>\n\t\t\t\t\t<\/div>\n\t\t<\/section>\n\t\t\t\t<section class=\"elementor-section elementor-top-section elementor-element elementor-element-ab851f8 elementor-section-boxed elementor-section-height-default elementor-section-height-default\" data-id=\"ab851f8\" data-element_type=\"section\">\n\t\t\t\t\t\t<div class=\"elementor-container elementor-column-gap-default\">\n\t\t\t\t\t\t\t<div class=\"elementor-row\">\n\t\t\t\t\t<div class=\"elementor-column elementor-col-100 elementor-top-column elementor-element elementor-element-1ee285d\" data-id=\"1ee285d\" data-element_type=\"column\">\n\t\t\t<div class=\"elementor-column-wrap elementor-element-populated\">\n\t\t\t\t\t\t\t<div class=\"elementor-widget-wrap\">\n\t\t\t\t\t\t<div class=\"elementor-element elementor-element-17387a2 elementor-widget elementor-widget-text-editor\" data-id=\"17387a2\" data-element_type=\"widget\" data-widget_type=\"text-editor.default\">\n\t\t\t\t<div class=\"elementor-widget-container\">\n\t\t\t\t\t\t\t\t<div class=\"elementor-text-editor elementor-clearfix\">\n\t\t\t\t<h4>Materia\u0142y dla rolnik\u00f3w dotycz\u0105ce zagro\u017cenia wyst\u0105pienia obgryzania ogon\u00f3w u \u015bwi\u0144 oraz stosowania materia\u0142\u00f3w wzbogacaj\u0105cych \u015brodowisko dla \u015bwi\u0144<\/h4>\n<h5><a href=\"https:\/\/sierpcpiw.eu\/wp-content\/uploads\/2023\/09\/Ulotka-materialy-wzbogacajace.pdf\">Ulotka &#8211; materia\u0142y wzbogacaj\u0105ce<\/a><\/h5>\n<h5><a href=\"https:\/\/sierpcpiw.eu\/wp-content\/uploads\/2023\/09\/Ulotka-analiza-ryzyka-GIW2023-1.pdf\">Ulotka &#8211; analiza ryzyka GIW2023-1<\/a><\/h5>\n<h4><a href=\"https:\/\/sierpcpiw.eu\/wp-content\/uploads\/2023\/09\/material-manipulacyjny.pptx\">Material manipulacyjny<\/a><\/h4>\n<div>&nbsp;<\/div>\n<div>&nbsp;<\/div>\n<div>&nbsp;<\/div>\t\t\t\t\t<\/div>\n\t\t\t\t\t\t<\/div>\n\t\t\t\t<\/div>\n\t\t\t\t\t\t<\/div>\n\t\t\t\t\t<\/div>\n\t\t<\/div>\n\t\t\t\t\t\t\t\t<\/div>\n\t\t\t\t\t<\/div>\n\t\t<\/section>\n\t\t\t\t\t\t\t\t\t<\/div>\n\t\t\t<\/div>\n\t\t\t\t\t<\/div>\n\t\t","protected":false},"excerpt":{"rendered":"<p>Plik\u00a0 do pobrania\u00a0 Wyznaczenia 2026 ZG\u0141OSZENIE WST\u0118PNEJ GOTOWO\u015aCI Wyznaczenia 2025-ND Wyznaczenie 2025\u00a0 Wyznaczenie 2024\u00a0 Zg\u0142oszenie wst. gotowo\u015bci. Og\u0142oszenie &#8211; Planowana liczba wyznacze\u0144 Og\u0142oszenie Wyznaczenia 2022 zg\u0142oszenie gotowo\u015bci Zarz\u0105dzenie nr3 z dnia 11.01.22 Oswiadczenie o stanie kontroli zarzadczej za 2022 rok Oswiadczenie oswiadczenie o stanie kontroli zarzadczej za 2022 rok Sprawozdania finansowe 2022 Materia\u0142y dla rolnik\u00f3w [&hellip;]<\/p>\n","protected":false},"author":1,"featured_media":0,"parent":0,"menu_order":0,"comment_status":"closed","ping_status":"closed","template":"","meta":{"footnotes":""},"class_list":["post-477","page","type-page","status-publish","hentry","post"],"_links":{"self":[{"href":"https:\/\/sierpcpiw.eu\/index.php\/wp-json\/wp\/v2\/pages\/477","targetHints":{"allow":["GET"]}}],"collection":[{"href":"https:\/\/sierpcpiw.eu\/index.php\/wp-json\/wp\/v2\/pages"}],"about":[{"href":"https:\/\/sierpcpiw.eu\/index.php\/wp-json\/wp\/v2\/types\/page"}],"author":[{"embeddable":true,"href":"https:\/\/sierpcpiw.eu\/index.php\/wp-json\/wp\/v2\/users\/1"}],"replies":[{"embeddable":true,"href":"https:\/\/sierpcpiw.eu\/index.php\/wp-json\/wp\/v2\/comments?post=477"}],"version-history":[{"count":100,"href":"https:\/\/sierpcpiw.eu\/index.php\/wp-json\/wp\/v2\/pages\/477\/revisions"}],"predecessor-version":[{"id":1776,"href":"https:\/\/sierpcpiw.eu\/index.php\/wp-json\/wp\/v2\/pages\/477\/revisions\/1776"}],"wp:attachment":[{"href":"https:\/\/sierpcpiw.eu\/index.php\/wp-json\/wp\/v2\/media?parent=477"}],"curies":[{"name":"wp","href":"https:\/\/api.w.org\/{rel}","templated":true}]}}