{"id":480,"date":"2021-10-27T14:30:41","date_gmt":"2021-10-27T12:30:41","guid":{"rendered":"http:\/\/sierpcpiw.eu\/?page_id=480"},"modified":"2022-02-04T15:30:10","modified_gmt":"2022-02-04T14:30:10","slug":"test","status":"publish","type":"page","link":"https:\/\/sierpcpiw.eu\/index.php\/test\/","title":{"rendered":"ASF"},"content":{"rendered":"\t\t<div data-elementor-type=\"wp-page\" data-elementor-id=\"480\" class=\"elementor elementor-480\">\n\t\t\t\t\t\t<div class=\"elementor-inner\">\n\t\t\t\t<div class=\"elementor-section-wrap\">\n\t\t\t\t\t\t\t\t\t<section class=\"elementor-section elementor-top-section elementor-element elementor-element-38a5f35 elementor-section-boxed elementor-section-height-default elementor-section-height-default\" data-id=\"38a5f35\" data-element_type=\"section\">\n\t\t\t\t\t\t<div class=\"elementor-container elementor-column-gap-default\">\n\t\t\t\t\t\t\t<div class=\"elementor-row\">\n\t\t\t\t\t<div class=\"elementor-column elementor-col-100 elementor-top-column elementor-element elementor-element-c96e581\" data-id=\"c96e581\" data-element_type=\"column\">\n\t\t\t<div class=\"elementor-column-wrap elementor-element-populated\">\n\t\t\t\t\t\t\t<div class=\"elementor-widget-wrap\">\n\t\t\t\t\t\t<div class=\"elementor-element elementor-element-270415a elementor-widget elementor-widget-heading\" data-id=\"270415a\" data-element_type=\"widget\" data-widget_type=\"heading.default\">\n\t\t\t\t<div class=\"elementor-widget-container\">\n\t\t\t<h2 class=\"elementor-heading-title elementor-size-default\"><h1 style=\"margin-top: 45px; margin-bottom: 10px; line-height: 1; font-size: 35px; color: rgb(33, 31, 32); font-family: Lato, Tahoma, sans-serif; font-style: normal; white-space: normal; background-color: rgb(255, 255, 255);\">Afryka\u0144ski pom\u00f3r \u015bwi\u0144 (ASF)<\/h1><\/h2>\t\t<\/div>\n\t\t\t\t<\/div>\n\t\t\t\t<div class=\"elementor-element elementor-element-a2b0cc1 elementor-aspect-ratio-169 elementor-widget elementor-widget-video\" data-id=\"a2b0cc1\" data-element_type=\"widget\" data-settings=\"{&quot;youtube_url&quot;:&quot;https:\\\/\\\/youtu.be\\\/NYJLrGwFW9s&quot;,&quot;video_type&quot;:&quot;youtube&quot;,&quot;controls&quot;:&quot;yes&quot;,&quot;aspect_ratio&quot;:&quot;169&quot;}\" data-widget_type=\"video.default\">\n\t\t\t\t<div class=\"elementor-widget-container\">\n\t\t\t\t\t<div class=\"elementor-wrapper elementor-fit-aspect-ratio elementor-open-inline\">\n\t\t\t<div class=\"elementor-video\"><\/div>\t\t<\/div>\n\t\t\t\t<\/div>\n\t\t\t\t<\/div>\n\t\t\t\t\t\t<\/div>\n\t\t\t\t\t<\/div>\n\t\t<\/div>\n\t\t\t\t\t\t\t\t<\/div>\n\t\t\t\t\t<\/div>\n\t\t<\/section>\n\t\t\t\t<section class=\"elementor-section elementor-top-section elementor-element elementor-element-8552f1b elementor-section-boxed elementor-section-height-default elementor-section-height-default\" data-id=\"8552f1b\" data-element_type=\"section\">\n\t\t\t\t\t\t<div class=\"elementor-container elementor-column-gap-default\">\n\t\t\t\t\t\t\t<div class=\"elementor-row\">\n\t\t\t\t\t<div class=\"elementor-column elementor-col-100 elementor-top-column elementor-element elementor-element-25cd569\" data-id=\"25cd569\" data-element_type=\"column\">\n\t\t\t<div class=\"elementor-column-wrap elementor-element-populated\">\n\t\t\t\t\t\t\t<div class=\"elementor-widget-wrap\">\n\t\t\t\t\t\t<div class=\"elementor-element elementor-element-9261026 elementor-aspect-ratio-169 elementor-widget elementor-widget-video\" data-id=\"9261026\" data-element_type=\"widget\" data-settings=\"{&quot;youtube_url&quot;:&quot;https:\\\/\\\/youtu.be\\\/O2dWXUfi1CQ&quot;,&quot;video_type&quot;:&quot;youtube&quot;,&quot;controls&quot;:&quot;yes&quot;,&quot;aspect_ratio&quot;:&quot;169&quot;}\" data-widget_type=\"video.default\">\n\t\t\t\t<div class=\"elementor-widget-container\">\n\t\t\t\t\t<div class=\"elementor-wrapper elementor-fit-aspect-ratio elementor-open-inline\">\n\t\t\t<div class=\"elementor-video\"><\/div>\t\t<\/div>\n\t\t\t\t<\/div>\n\t\t\t\t<\/div>\n\t\t\t\t\t\t<\/div>\n\t\t\t\t\t<\/div>\n\t\t<\/div>\n\t\t\t\t\t\t\t\t<\/div>\n\t\t\t\t\t<\/div>\n\t\t<\/section>\n\t\t\t\t<section class=\"elementor-section elementor-top-section elementor-element elementor-element-0d0300d elementor-section-boxed elementor-section-height-default elementor-section-height-default\" data-id=\"0d0300d\" data-element_type=\"section\">\n\t\t\t\t\t\t<div class=\"elementor-container elementor-column-gap-default\">\n\t\t\t\t\t\t\t<div class=\"elementor-row\">\n\t\t\t\t\t<div class=\"elementor-column elementor-col-100 elementor-top-column elementor-element elementor-element-18762da\" data-id=\"18762da\" data-element_type=\"column\">\n\t\t\t<div class=\"elementor-column-wrap elementor-element-populated\">\n\t\t\t\t\t\t\t<div class=\"elementor-widget-wrap\">\n\t\t\t\t\t\t<div class=\"elementor-element elementor-element-2efa567 elementor-widget elementor-widget-text-editor\" data-id=\"2efa567\" data-element_type=\"widget\" data-widget_type=\"text-editor.default\">\n\t\t\t\t<div class=\"elementor-widget-container\">\n\t\t\t\t\t\t\t\t<div class=\"elementor-text-editor elementor-clearfix\">\n\t\t\t\t<h1><strong><span style=\"text-decoration: underline;\"><font size=\"33\">Plik\u00a0 do pobrania\u00a0<\/span><\/strong><\/h1>\n<h3><a href=\"https:\/\/sierpcpiw.eu\/wp-content\/uploads\/2021\/10\/1.Plan-bezpieczenstwa-biologicznego-gospodarstwa-DO-300-sztuk-sredniorocznie-RWK2021-605.docx\">1.Plan bezpiecze\u0144stwa-biologicznego-gospodarstwa-DO 300 sztuk-\u015bredniorocznie-RWK2021-605<\/a><\/h3>\n<h3><a href=\"https:\/\/sierpcpiw.eu\/wp-content\/uploads\/2021\/10\/2.Plan-bezpieczenstwa-biologiczengo-gospodarstwa-POWYZEJ-300-sztuk-sredniorocznie-RWK2021-605.docx\">2.Plan bezpiecze\u0144stwa biologiczengo -gospodarstwa-POWY\u017bEJ 300 sztuk-\u015bredniorocznie-RWK2021-605<\/a><\/h3>\n<h3><a href=\"https:\/\/sierpcpiw.eu\/wp-content\/uploads\/2021\/10\/4.-Informacja-RWK-2021_605.docx\">4. Informacja RWK 2021_605<\/a><\/h3>\n<h3><a href=\"https:\/\/sierpcpiw.eu\/wp-content\/uploads\/2021\/10\/Ksiega_rejestracji_swin.docx\">Ksiega_rejestracji_swin<\/a><\/h3>\n<h3><a href=\"https:\/\/sierpcpiw.eu\/wp-content\/uploads\/2022\/02\/Lista-spiwet-ASF-X-2021_.docx\">Lista-spiwet-ASF-X-2021<\/a><\/h3>\t\t\t\t\t<\/div>\n\t\t\t\t\t\t<\/div>\n\t\t\t\t<\/div>\n\t\t\t\t\t\t<\/div>\n\t\t\t\t\t<\/div>\n\t\t<\/div>\n\t\t\t\t\t\t\t\t<\/div>\n\t\t\t\t\t<\/div>\n\t\t<\/section>\n\t\t\t\t<section class=\"elementor-section elementor-top-section elementor-element elementor-element-6e0e421 elementor-section-boxed elementor-section-height-default elementor-section-height-default\" data-id=\"6e0e421\" data-element_type=\"section\">\n\t\t\t\t\t\t<div class=\"elementor-container elementor-column-gap-default\">\n\t\t\t\t\t\t\t<div class=\"elementor-row\">\n\t\t\t\t\t<div class=\"elementor-column elementor-col-100 elementor-top-column elementor-element elementor-element-625a751\" data-id=\"625a751\" data-element_type=\"column\">\n\t\t\t<div class=\"elementor-column-wrap elementor-element-populated\">\n\t\t\t\t\t\t\t<div class=\"elementor-widget-wrap\">\n\t\t\t\t\t\t<div class=\"elementor-element elementor-element-4578dc9 elementor-widget elementor-widget-button\" data-id=\"4578dc9\" data-element_type=\"widget\" data-widget_type=\"button.default\">\n\t\t\t\t<div class=\"elementor-widget-container\">\n\t\t\t\t\t<div class=\"elementor-button-wrapper\">\n\t\t\t<a href=\"https:\/\/bip.wetgiw.gov.pl\/asf\/mapa\/\" target=\"_blank\" class=\"elementor-button-link elementor-button elementor-size-sm\" role=\"button\">\n\t\t\t\t\t\t<span class=\"elementor-button-content-wrapper\">\n\t\t\t\t\t\t<span class=\"elementor-button-text\">mapa ASF<\/span>\n\t\t<\/span>\n\t\t\t\t\t<\/a>\n\t\t<\/div>\n\t\t\t\t<\/div>\n\t\t\t\t<\/div>\n\t\t\t\t\t\t<\/div>\n\t\t\t\t\t<\/div>\n\t\t<\/div>\n\t\t\t\t\t\t\t\t<\/div>\n\t\t\t\t\t<\/div>\n\t\t<\/section>\n\t\t\t\t\t\t\t\t\t<\/div>\n\t\t\t<\/div>\n\t\t\t\t\t<\/div>\n\t\t","protected":false},"excerpt":{"rendered":"<p>Afryka\u0144ski pom\u00f3r \u015bwi\u0144 (ASF) https:\/\/youtu.be\/NYJLrGwFW9shttps:\/\/youtu.be\/O2dWXUfi1CQ Plik\u00a0 do pobrania\u00a0 1.Plan bezpiecze\u0144stwa-biologicznego-gospodarstwa-DO 300 sztuk-\u015bredniorocznie-RWK2021-605 2.Plan bezpiecze\u0144stwa biologiczengo -gospodarstwa-POWY\u017bEJ 300 sztuk-\u015bredniorocznie-RWK2021-605 4. Informacja RWK 2021_605 Ksiega_rejestracji_swin Lista-spiwet-ASF-X-2021 mapa ASF<\/p>\n","protected":false},"author":1,"featured_media":0,"parent":0,"menu_order":0,"comment_status":"closed","ping_status":"closed","template":"","meta":{"footnotes":""},"class_list":["post-480","page","type-page","status-publish","hentry","post"],"_links":{"self":[{"href":"https:\/\/sierpcpiw.eu\/index.php\/wp-json\/wp\/v2\/pages\/480","targetHints":{"allow":["GET"]}}],"collection":[{"href":"https:\/\/sierpcpiw.eu\/index.php\/wp-json\/wp\/v2\/pages"}],"about":[{"href":"https:\/\/sierpcpiw.eu\/index.php\/wp-json\/wp\/v2\/types\/page"}],"author":[{"embeddable":true,"href":"https:\/\/sierpcpiw.eu\/index.php\/wp-json\/wp\/v2\/users\/1"}],"replies":[{"embeddable":true,"href":"https:\/\/sierpcpiw.eu\/index.php\/wp-json\/wp\/v2\/comments?post=480"}],"version-history":[{"count":65,"href":"https:\/\/sierpcpiw.eu\/index.php\/wp-json\/wp\/v2\/pages\/480\/revisions"}],"predecessor-version":[{"id":625,"href":"https:\/\/sierpcpiw.eu\/index.php\/wp-json\/wp\/v2\/pages\/480\/revisions\/625"}],"wp:attachment":[{"href":"https:\/\/sierpcpiw.eu\/index.php\/wp-json\/wp\/v2\/media?parent=480"}],"curies":[{"name":"wp","href":"https:\/\/api.w.org\/{rel}","templated":true}]}}