{"id":742,"date":"2022-04-26T08:23:37","date_gmt":"2022-04-26T06:23:37","guid":{"rendered":"http:\/\/sierpcpiw.eu\/?page_id=742"},"modified":"2024-03-21T13:30:54","modified_gmt":"2024-03-21T12:30:54","slug":"ptasia-grypa","status":"publish","type":"page","link":"https:\/\/sierpcpiw.eu\/index.php\/ptasia-grypa\/","title":{"rendered":"Grypa Ptak\u00f3w"},"content":{"rendered":"\t\t<div data-elementor-type=\"wp-page\" data-elementor-id=\"742\" class=\"elementor elementor-742\">\n\t\t\t\t\t\t<div class=\"elementor-inner\">\n\t\t\t\t<div class=\"elementor-section-wrap\">\n\t\t\t\t\t\t\t\t\t<section class=\"elementor-section elementor-top-section elementor-element elementor-element-b4cfbad elementor-section-boxed elementor-section-height-default elementor-section-height-default\" data-id=\"b4cfbad\" data-element_type=\"section\">\n\t\t\t\t\t\t<div class=\"elementor-container elementor-column-gap-default\">\n\t\t\t\t\t\t\t<div class=\"elementor-row\">\n\t\t\t\t\t<div class=\"elementor-column elementor-col-100 elementor-top-column elementor-element elementor-element-cb37354\" data-id=\"cb37354\" data-element_type=\"column\">\n\t\t\t<div class=\"elementor-column-wrap elementor-element-populated\">\n\t\t\t\t\t\t\t<div class=\"elementor-widget-wrap\">\n\t\t\t\t\t\t<div class=\"elementor-element elementor-element-6fad4e2 elementor-widget elementor-widget-text-editor\" data-id=\"6fad4e2\" data-element_type=\"widget\" data-widget_type=\"text-editor.default\">\n\t\t\t\t<div class=\"elementor-widget-container\">\n\t\t\t\t\t\t\t\t<div class=\"elementor-text-editor elementor-clearfix\">\n\t\t\t\t<h1>Zasady ochrony drobiu przed chorob\u0105<\/h1>\t\t\t\t\t<\/div>\n\t\t\t\t\t\t<\/div>\n\t\t\t\t<\/div>\n\t\t\t\t\t\t<\/div>\n\t\t\t\t\t<\/div>\n\t\t<\/div>\n\t\t\t\t\t\t\t\t<\/div>\n\t\t\t\t\t<\/div>\n\t\t<\/section>\n\t\t\t\t<section class=\"elementor-section elementor-top-section elementor-element elementor-element-2632b98 elementor-section-boxed elementor-section-height-default elementor-section-height-default\" data-id=\"2632b98\" data-element_type=\"section\">\n\t\t\t\t\t\t<div class=\"elementor-container elementor-column-gap-default\">\n\t\t\t\t\t\t\t<div class=\"elementor-row\">\n\t\t\t\t\t<div class=\"elementor-column elementor-col-100 elementor-top-column elementor-element elementor-element-0403e6e\" data-id=\"0403e6e\" data-element_type=\"column\">\n\t\t\t<div class=\"elementor-column-wrap elementor-element-populated\">\n\t\t\t\t\t\t\t<div class=\"elementor-widget-wrap\">\n\t\t\t\t\t\t<div class=\"elementor-element elementor-element-ce7a761 elementor-widget elementor-widget-image\" data-id=\"ce7a761\" data-element_type=\"widget\" data-widget_type=\"image.default\">\n\t\t\t\t<div class=\"elementor-widget-container\">\n\t\t\t\t\t\t\t\t<div class=\"elementor-image\">\n\t\t\t\t\t\t\t\t\t\t\t\t<img loading=\"lazy\" decoding=\"async\" width=\"720\" height=\"510\" src=\"https:\/\/sierpcpiw.eu\/wp-content\/uploads\/2022\/04\/uwaga-hpai.jpg\" class=\"attachment-large size-large\" alt=\"\" srcset=\"https:\/\/sierpcpiw.eu\/wp-content\/uploads\/2022\/04\/uwaga-hpai.jpg 763w, https:\/\/sierpcpiw.eu\/wp-content\/uploads\/2022\/04\/uwaga-hpai-300x212.jpg 300w\" sizes=\"auto, (max-width: 720px) 100vw, 720px\" \/>\t\t\t\t\t\t\t\t\t\t\t\t\t\t<\/div>\n\t\t\t\t\t\t<\/div>\n\t\t\t\t<\/div>\n\t\t\t\t\t\t<\/div>\n\t\t\t\t\t<\/div>\n\t\t<\/div>\n\t\t\t\t\t\t\t\t<\/div>\n\t\t\t\t\t<\/div>\n\t\t<\/section>\n\t\t\t\t<section class=\"elementor-section elementor-top-section elementor-element elementor-element-1a6d501 elementor-section-boxed elementor-section-height-default elementor-section-height-default\" data-id=\"1a6d501\" data-element_type=\"section\">\n\t\t\t\t\t\t<div class=\"elementor-container elementor-column-gap-default\">\n\t\t\t\t\t\t\t<div class=\"elementor-row\">\n\t\t\t\t\t<div class=\"elementor-column elementor-col-100 elementor-top-column elementor-element elementor-element-40b9568\" data-id=\"40b9568\" data-element_type=\"column\">\n\t\t\t<div class=\"elementor-column-wrap elementor-element-populated\">\n\t\t\t\t\t\t\t<div class=\"elementor-widget-wrap\">\n\t\t\t\t\t\t<div class=\"elementor-element elementor-element-76e88e5 elementor-widget elementor-widget-text-editor\" data-id=\"76e88e5\" data-element_type=\"widget\" data-widget_type=\"text-editor.default\">\n\t\t\t\t<div class=\"elementor-widget-container\">\n\t\t\t\t\t\t\t\t<div class=\"elementor-text-editor elementor-clearfix\">\n\t\t\t\t<h3><strong>ZALECENIA DLA DROBNOTOWAROWYCH HODOWC\u00d3W DROBIU &#8211; CH\u00d3W PRZYZAGRODOWY<\/strong><\/h3><ul><li>karmienie i pojenie drobiu w pomieszczeniach zamkni\u0119tych, do kt\u00f3rych nie maj\u0105 dost\u0119pu ptaki dzikie;<\/li><li>przetrzymywanie drobiu na ogrodzonej przestrzeni, pod warunkiem uniemo\u017cliwienia kontakt\u00f3w z dzikim ptactwem;<\/li><li>odizolowanie od innego drobiu, kaczek i g\u0119si;<\/li><li>przechowywanie paszy, w tym zielonki, w pomieszczeniach zamkni\u0119tych lub pod szczelnym przykryciem, uniemo\u017cliwiaj\u0105cym kontakt z dzikim ptactwem;<\/li><li>unikanie pojenia ptak\u00f3w i czyszczenia kurnik\u00f3w wod\u0105 pochodz\u0105c\u0105 spoza gospodarstwa (g\u0142\u00f3wnie ze zbiornik\u00f3w wodnych i rzek);<\/li><li>zg\u0142aszanie lekarzowi weterynarii, w\u00f3jtowi, burmistrzowi, i innym organom w\u0142adzy lokalnej zaobserwowanego spadku nie\u015bno\u015bci lub nag\u0142ych, zwi\u0119kszonych padni\u0119\u0107 drobiu;<\/li><li>po ka\u017cdym kontakcie z drobiem lub ptakami dzikimi umycie r\u0105k wod\u0105 z myd\u0142em;<\/li><li>u\u017cywanie odzie\u017cy ochronnej oraz obuwia ochronnego przy czynno\u015bciach zwi\u0105zanych z obs\u0142ug\u0105 drobiu;<\/li><li>osobom utrzymuj\u0105cym dr\u00f3b w chowie przyzagrodowym, aby nie by\u0142y zatrudniane w przemys\u0142owych fermach drobiu.<\/li><\/ul><p><strong>ZALECENIA DLA HODOWC\u00d3W GO\u0141\u0118BI<\/strong><\/p><ul><li>karmienie i pojenie go\u0142\u0119bi w spos\u00f3b wykluczaj\u0105cy dost\u0119p ptak\u00f3w dzikich;<\/li><li>przechowywanie paszy w pomieszczeniach zamkni\u0119tych lub pod szczelnym przykryciem uniemo\u017cliwiaj\u0105cym kontakt z dzikim ptactwem.<\/li><\/ul><p><strong>ZALECENIA DLA PRZEMYS\u0141OWYCH PRODUCENT\u00d3W DROBIU<\/strong><\/p><ul><li>przetrzymywanie ptak\u00f3w w odosobnieniu (obowi\u0105zkowo w\u00a0okresie wiosennych oraz jesiennych w\u0119dr\u00f3wek dzikich ptak\u00f3w) lub na wolnej, ogrodzonej przestrzeni, pod warunkiem ograniczenia kontaktu z dzikim ptactwem;<\/li><li>karmienie i pojenie drobiu w pomieszczeniach zamkni\u0119tych, do kt\u00f3rych nie maj\u0105 dost\u0119pu ptaki dzikie;<\/li><li>zielonki stosowane w karmieniu drobiu wodnego (kaczki i g\u0119si), szczeg\u00f3lnie w\u00a0okresie wiosennych oraz jesiennych w\u0119dr\u00f3wek dzikich ptak\u00f3w,\u00a0nie mog\u0105 pochodzi\u0107 z teren\u00f3w wysokiego ryzyka zanieczyszczenia ich wirusem\u00a0wysoce zjadliwej grypy ptak\u00f3w, z okolic zbiornik\u00f3w wodnych, bagien, i innych miejsc stanowi\u0105cych ostoj\u0119 ptak\u00f3w dzikich;<\/li><li>szczelne przykrycie pojemnik\u00f3w z karm\u0105 i wod\u0105 do picia lub przetrzymywanie ich wewn\u0105trz budynk\u00f3w, a tak\u017ce unikanie pojenia ptak\u00f3w i czyszczenia pomieszcze\u0144 wod\u0105 pochodz\u0105c\u0105 spoza gospodarstwa (g\u0142\u00f3wnie ze zbiornik\u00f3w wodnych i rzek);<\/li><li>ograniczenie przemieszczania si\u0119 os\u00f3b postronnych oraz zwierz\u0105t pomi\u0119dzy obiektami, w kt\u00f3rych przechowywana jest karma dla zwierz\u0105t a obiektami, w kt\u00f3rych bytuje dr\u00f3b;<\/li><li>roz\u0142o\u017cenie przed wej\u015bciami do budynk\u00f3w, gdzie utrzymywany jest dr\u00f3b mat nas\u0105czonych \u015brodkiem dezynfekcyjnym;<\/li><li>wprowadzenie zakazu wjazdu pojazd\u00f3w na teren fermy, poza dzia\u0142aniami\u00a0koniecznymi np. dow\u00f3z paszy, odbi\u00f3r drobiu do rze\u017ani lub przez zak\u0142ad utylizacyjny;<\/li><li>obowi\u0105zkow\u0105 dezynfekcj\u0119 pojazd\u00f3w wje\u017cd\u017caj\u0105cych;<\/li><li>roz\u0142o\u017cenie mat dezynfekcyjnych przed wjazdem i wej\u015bciem na teren gospodarstwa;<\/li><li>u\u017cywanie odzie\u017cy ochronnej oraz obuwia ochronnego przy czynno\u015bciach zwi\u0105zanych z obs\u0142ug\u0105 drobiu;<\/li><li>wprowadzenie obowi\u0105zku przeprowadzania dok\u0142adnego mycia i dezynfekcji r\u0105k przed wej\u015bciem do obiekt\u00f3w, w kt\u00f3rych utrzymuje si\u0119 dr\u00f3b;<\/li><li>brak kontaktu pracownik\u00f3w ferm drobiu z innym ptactwem np. kurami, go\u0142\u0119biami.<\/li><\/ul><p><strong>DODATKOWE ZALECENIA G\u0141\u00d3WNEGO LEKARZA WETERYNARII<\/strong><\/p><ul><li>s\u0142om\u0119, kt\u00f3ra b\u0119dzie wykorzystywana w chowie \u015bci\u00f3\u0142kowym nale\u017cy zabezpieczy\u0107 przed dost\u0119pem dzikiego ptactwa (przetrzymywa\u0107 w zamkni\u0119tych pomieszczeniach, zadaszy\u0107 itp.);<\/li><li>nale\u017cy regularnie przegl\u0105da\u0107 wszelkie po\u0142\u0105czenia i rury (silosy paszowe) pod k\u0105tem obecno\u015bci zanieczyszcze\u0144 np. odchodami dzikich ptak\u00f3w;<\/li><li>nale\u017cy eliminowa\u0107 wszelkie mo\u017cliwe do usuni\u0119cia nieszczelno\u015bci budynk\u00f3w inwentarskich (umie\u015bci\u0107 siatki w oknach i otworach, zabezpieczy\u0107 kominy wentylacyjne);<\/li><li>nie nale\u017cy tworzy\u0107 sztucznych zbiornik\u00f3w wodnych na terenie gospodarstwa (np. oczka wodne), a istniej\u0105ce nale\u017cy zabezpieczy\u0107 przed dost\u0119pem dzikiego ptactwa;<\/li><li>nie nale\u017cy dokarmia\u0107 dzikiego ptactwa na terenie gospodarstwa (usun\u0105\u0107 karmniki);<\/li><li>je\u017celi na terenie gospodarstwa znajduj\u0105 si\u0119 drzewa owocowe nale\u017cy jak najcz\u0119\u015bciej usuwa\u0107 opad\u0142e owoce.<\/li><\/ul><h3><strong><em>Nieprzestrzeganie wymienionych wy\u017cej zalece\u0144 mo\u017ce powodowa\u0107 wzrost zagro\u017cenia gryp\u0105 ptak\u00f3w.<\/em><\/strong><\/h3>\t\t\t\t\t<\/div>\n\t\t\t\t\t\t<\/div>\n\t\t\t\t<\/div>\n\t\t\t\t\t\t<\/div>\n\t\t\t\t\t<\/div>\n\t\t<\/div>\n\t\t\t\t\t\t\t\t<\/div>\n\t\t\t\t\t<\/div>\n\t\t<\/section>\n\t\t\t\t<section class=\"elementor-section elementor-top-section elementor-element elementor-element-1797982 elementor-section-boxed elementor-section-height-default elementor-section-height-default\" data-id=\"1797982\" data-element_type=\"section\">\n\t\t\t\t\t\t<div class=\"elementor-container elementor-column-gap-default\">\n\t\t\t\t\t\t\t<div class=\"elementor-row\">\n\t\t\t\t\t<div class=\"elementor-column elementor-col-100 elementor-top-column elementor-element elementor-element-ba3c7c6\" data-id=\"ba3c7c6\" data-element_type=\"column\">\n\t\t\t<div class=\"elementor-column-wrap elementor-element-populated\">\n\t\t\t\t\t\t\t<div class=\"elementor-widget-wrap\">\n\t\t\t\t\t\t<div class=\"elementor-element elementor-element-eeeb1c8 elementor-widget elementor-widget-text-editor\" data-id=\"eeeb1c8\" data-element_type=\"widget\" data-widget_type=\"text-editor.default\">\n\t\t\t\t<div class=\"elementor-widget-container\">\n\t\t\t\t\t\t\t\t<div class=\"elementor-text-editor elementor-clearfix\">\n\t\t\t\t<p><strong>W zwi\u0105zku z wyst\u0119powaniem wysoce zjadliwej grypy ptak\u00f3w na terenie Rzeczypospolitej Polskiej od dnia 1 maja 2022 roku wchodzi w \u017cycie rozporz\u0105dzenie Ministra Rolnictwa i Rozwoju Wsi z dnia 31 marca 2022r. dotycz\u0105ce szczeg\u00f3lnie wszystkich gospodarzy utrzymuj\u0105cych dr\u00f3b, a tak\u017ce dzier\u017cawc\u00f3w lub zarz\u0105dc\u00f3w obwod\u00f3w \u0142owieckich. W zwi\u0105zku z ww. rozporz\u0105dzeniem osoby utrzymuj\u0105ce dr\u00f3b maj\u0105 obowi\u0105zek zg\u0142asza\u0107<\/strong>\u00a0<strong>do powiatowego lekarza weterynarii miejsca, w kt\u00f3rych jest utrzymywany dr\u00f3b lub inne ptaki, z wy\u0142\u0105czeniem ptak\u00f3w utrzymywanych stale w pomieszczeniach mieszkalnych. Zg\u0142osze\u0144 nale\u017cy dokonywa\u0107 osobi\u015bcie lub drog\u0105 elektroniczn\u0105 na adres :\u00a0<\/strong><strong style=\"font-size: 13px; color: var( --e-global-color-text );\"><a href=\"mailto:piw@sierpcpiw.eu\" data-wplink-edit=\"true\">piw@sierpcpiw.eu<\/a>\u00a0Gotowy formularz zg\u0142oszeniowy oraz tre\u015b\u0107 rozporz\u0105dzenia dost\u0119pne s\u0105 poni\u017cej.&#8221;<\/strong><\/p>\t\t\t\t\t<\/div>\n\t\t\t\t\t\t<\/div>\n\t\t\t\t<\/div>\n\t\t\t\t\t\t<\/div>\n\t\t\t\t\t<\/div>\n\t\t<\/div>\n\t\t\t\t\t\t\t\t<\/div>\n\t\t\t\t\t<\/div>\n\t\t<\/section>\n\t\t\t\t<section class=\"elementor-section elementor-top-section elementor-element elementor-element-9782a25 elementor-section-boxed elementor-section-height-default elementor-section-height-default\" data-id=\"9782a25\" data-element_type=\"section\">\n\t\t\t\t\t\t<div class=\"elementor-container elementor-column-gap-default\">\n\t\t\t\t\t\t\t<div class=\"elementor-row\">\n\t\t\t\t\t<div class=\"elementor-column elementor-col-100 elementor-top-column elementor-element elementor-element-7b1b1d2\" data-id=\"7b1b1d2\" data-element_type=\"column\">\n\t\t\t<div class=\"elementor-column-wrap elementor-element-populated\">\n\t\t\t\t\t\t\t<div class=\"elementor-widget-wrap\">\n\t\t\t\t\t\t<div class=\"elementor-element elementor-element-d138007 elementor-widget elementor-widget-text-editor\" data-id=\"d138007\" data-element_type=\"widget\" data-widget_type=\"text-editor.default\">\n\t\t\t\t<div class=\"elementor-widget-container\">\n\t\t\t\t\t\t\t\t<div class=\"elementor-text-editor elementor-clearfix\">\n\t\t\t\t<p><a href=\"https:\/\/sierpcpiw.eu\/wp-content\/uploads\/2022\/04\/Rozporzadzenie-Ministra-Rolnictwa-i-Rozwoju-Wsi-HPAI-31.03.2022.pdf\">Rozporz\u0105dzenie Ministra Rolnictwa i Rozwoju Wsi HPAI 31.03.2022<\/a><\/p><p><a href=\"https:\/\/sierpcpiw.eu\/wp-content\/uploads\/2022\/04\/oswiadczenie-o-posiadaniu-ptakow.docx\">O\u015bwiadczenie o posiadaniu ptak\u00f3w<\/a><\/p><p>\u00a0<\/p>\t\t\t\t\t<\/div>\n\t\t\t\t\t\t<\/div>\n\t\t\t\t<\/div>\n\t\t\t\t\t\t<\/div>\n\t\t\t\t\t<\/div>\n\t\t<\/div>\n\t\t\t\t\t\t\t\t<\/div>\n\t\t\t\t\t<\/div>\n\t\t<\/section>\n\t\t\t\t\t\t\t\t\t<\/div>\n\t\t\t<\/div>\n\t\t\t\t\t<\/div>\n\t\t","protected":false},"excerpt":{"rendered":"<p>Zasady ochrony drobiu przed chorob\u0105 ZALECENIA DLA DROBNOTOWAROWYCH HODOWC\u00d3W DROBIU &#8211; CH\u00d3W PRZYZAGRODOWY karmienie i pojenie drobiu w pomieszczeniach zamkni\u0119tych, do kt\u00f3rych nie maj\u0105 dost\u0119pu ptaki dzikie; przetrzymywanie drobiu na ogrodzonej przestrzeni, pod warunkiem uniemo\u017cliwienia kontakt\u00f3w z dzikim ptactwem; odizolowanie od innego drobiu, kaczek i g\u0119si; przechowywanie paszy, w tym zielonki, w pomieszczeniach zamkni\u0119tych lub [&hellip;]<\/p>\n","protected":false},"author":1,"featured_media":0,"parent":0,"menu_order":0,"comment_status":"closed","ping_status":"closed","template":"","meta":{"footnotes":""},"class_list":["post-742","page","type-page","status-publish","hentry","post"],"_links":{"self":[{"href":"https:\/\/sierpcpiw.eu\/index.php\/wp-json\/wp\/v2\/pages\/742","targetHints":{"allow":["GET"]}}],"collection":[{"href":"https:\/\/sierpcpiw.eu\/index.php\/wp-json\/wp\/v2\/pages"}],"about":[{"href":"https:\/\/sierpcpiw.eu\/index.php\/wp-json\/wp\/v2\/types\/page"}],"author":[{"embeddable":true,"href":"https:\/\/sierpcpiw.eu\/index.php\/wp-json\/wp\/v2\/users\/1"}],"replies":[{"embeddable":true,"href":"https:\/\/sierpcpiw.eu\/index.php\/wp-json\/wp\/v2\/comments?post=742"}],"version-history":[{"count":35,"href":"https:\/\/sierpcpiw.eu\/index.php\/wp-json\/wp\/v2\/pages\/742\/revisions"}],"predecessor-version":[{"id":1513,"href":"https:\/\/sierpcpiw.eu\/index.php\/wp-json\/wp\/v2\/pages\/742\/revisions\/1513"}],"wp:attachment":[{"href":"https:\/\/sierpcpiw.eu\/index.php\/wp-json\/wp\/v2\/media?parent=742"}],"curies":[{"name":"wp","href":"https:\/\/api.w.org\/{rel}","templated":true}]}}