{"id":793,"date":"2022-06-22T05:48:44","date_gmt":"2022-06-22T03:48:44","guid":{"rendered":"http:\/\/sierpcpiw.eu\/?page_id=793"},"modified":"2025-03-17T10:26:52","modified_gmt":"2025-03-17T09:26:52","slug":"pasze-i-utylizacja","status":"publish","type":"page","link":"https:\/\/sierpcpiw.eu\/index.php\/pasze-i-utylizacja\/","title":{"rendered":"Pasze i utylizacja"},"content":{"rendered":"\t\t<div data-elementor-type=\"wp-page\" data-elementor-id=\"793\" class=\"elementor elementor-793\">\n\t\t\t\t\t\t<div class=\"elementor-inner\">\n\t\t\t\t<div class=\"elementor-section-wrap\">\n\t\t\t\t\t\t\t\t\t<section class=\"elementor-section elementor-top-section elementor-element elementor-element-dd4da94 elementor-section-boxed elementor-section-height-default elementor-section-height-default\" data-id=\"dd4da94\" data-element_type=\"section\">\n\t\t\t\t\t\t<div class=\"elementor-container elementor-column-gap-default\">\n\t\t\t\t\t\t\t<div class=\"elementor-row\">\n\t\t\t\t\t<div class=\"elementor-column elementor-col-100 elementor-top-column elementor-element elementor-element-9d01d8a\" data-id=\"9d01d8a\" data-element_type=\"column\">\n\t\t\t<div class=\"elementor-column-wrap elementor-element-populated\">\n\t\t\t\t\t\t\t<div class=\"elementor-widget-wrap\">\n\t\t\t\t\t\t<div class=\"elementor-element elementor-element-ce2826c elementor-widget elementor-widget-text-editor\" data-id=\"ce2826c\" data-element_type=\"widget\" data-widget_type=\"text-editor.default\">\n\t\t\t\t<div class=\"elementor-widget-container\">\n\t\t\t\t\t\t\t\t<div class=\"elementor-text-editor elementor-clearfix\">\n\t\t\t\t<div class=\"gwp5e00cf54_WordSection1\"><h3 class=\"gwp5e00cf54_MsoNormal\"><a href=\"https:\/\/sierpcpiw.eu\/wp-content\/uploads\/2025\/03\/RPP-wniosek-o-wpis-i-wydanie-zaswiadczenia-2025.pdf\">RPP wniosek o wpis i wydanie za\u015bwiadczenia 2025<\/a><\/h3><\/div>\t\t\t\t\t<\/div>\n\t\t\t\t\t\t<\/div>\n\t\t\t\t<\/div>\n\t\t\t\t\t\t<\/div>\n\t\t\t\t\t<\/div>\n\t\t<\/div>\n\t\t\t\t\t\t\t\t<\/div>\n\t\t\t\t\t<\/div>\n\t\t<\/section>\n\t\t\t\t<section class=\"elementor-section elementor-top-section elementor-element elementor-element-ac973f2 elementor-section-boxed elementor-section-height-default elementor-section-height-default\" data-id=\"ac973f2\" data-element_type=\"section\">\n\t\t\t\t\t\t<div class=\"elementor-container elementor-column-gap-default\">\n\t\t\t\t\t\t\t<div class=\"elementor-row\">\n\t\t\t\t\t<div class=\"elementor-column elementor-col-100 elementor-top-column elementor-element elementor-element-1889b40\" data-id=\"1889b40\" data-element_type=\"column\">\n\t\t\t<div class=\"elementor-column-wrap elementor-element-populated\">\n\t\t\t\t\t\t\t<div class=\"elementor-widget-wrap\">\n\t\t\t\t\t\t<div class=\"elementor-element elementor-element-9384104 elementor-widget elementor-widget-text-editor\" data-id=\"9384104\" data-element_type=\"widget\" data-widget_type=\"text-editor.default\">\n\t\t\t\t<div class=\"elementor-widget-container\">\n\t\t\t\t\t\t\t\t<div class=\"elementor-text-editor elementor-clearfix\">\n\t\t\t\t<p><b>Przygotowanie do kontroli gospodarstw dzia\u0142aj\u0105cych na rynku pasz- produkcja pierwotna pasz:<\/b><\/p><p>1. Tabliczka \u201eMagazyn paszowy\u201d, \u201eMagazyn zbo\u017cowy\u201d, \u201eNieupowa\u017cnionym wst\u0119p wzbroniony\u201d w miejscu przechowywania zb\u00f3\u017c oraz przygotowywania pasz. Pomieszczenia powinny by\u0107 zamykane na zamek lub k\u0142\u00f3dk\u0119. 2. Tabliczka \u201eLeki weterynaryjne\u201d w miejscu przeznaczonym na leki. Szafka lub pomieszczenie powinny by\u0107 zamykane na zamek lub k\u0142\u00f3dk\u0119. 3. Odzie\u017c ochronna do stosowania przy paszach (np. fartuch, r\u0119kawice robocze, r\u0119kawiczki j ednorazowe do wyk\u0142adania trutek, maseczka przeciwpy\u0142owa, gogle ochronne, buty na zmian\u0119 lub wycieraczka\/kratka do oczyszczenia but\u00f3w) 4. \u015arodki do dezynfekcji i dezynsekcji pomieszcze\u0144 i sprz\u0119t\u00f3w paszowych tj. magazyn\u00f3w, silos\u00f3w, mieszalnik\u00f3w, \u015brutownik\u00f3w, przyczep do przewozu ziarna, poide\u0142, karmide\u0142 5. Stacje deratyzacyjne i trutka na myszy i szczury w formie zbitej np. saszetki, pasty, kostki (nie granulat, nie p\u0142atki- mo\u017cliwo\u015b\u0107 rozniesienia przez gryzonie) 6. Siatka przeciw owadom, gryzoniom i ptakom w oknach lub otworach wentylacyjnych w magazynach paszowych i zbo\u017cowych 7. Etykiety i\/lub atesty jako\u015bci pasz obecnie u\u017cywanych, r\u00f3wnie\u017c substancji dodawanych do wody do pojenia, dokumenty zakupu 8. Aktualny wynik badania wody (np. z urz\u0119du gminy, z adnotacj\u0105, \u017ce gospodarstwo korzysta z przy\u0142\u0105cza gminnego lub wynik z PSSE- \u201eSanepidu\u201d w przypadku badania wody z uj\u0119cia w\u0142asnego) 9. Karty leczenia zwierz\u0105t za okres 5 lat 10. Dokumenty potwierdzaj\u0105ce przekazanie padliny do utylizacji za okres 5 lat 11. Dokumenty wynikaj\u0105ce z Rozporz\u0105dzenia WE nr 183\/2005, tj. stosowania oprysk\u00f3w na polach, stosowania nasion genetyczne modyfikowanych, pojawienia si\u0119 szkodnik\u00f3w i chor\u00f3b, wynik\u00f3w analiz pr\u00f3bek pasz i innych substancji, paszy przyjmowanej i wydawanej.<\/p><p>Podmioty dzia\u0142aj\u0105ce na rynku pasz nie mog\u0105 prowadzi\u0107 dzia\u0142alno\u015bci, je\u017celi nie zostan\u0105 one zarejestrowane, zgodnie z art. 9 lub nie uzyskaj\u0105 zatwierdzenia, gdy jest ono wymagane na mocy art. 10.<\/p><p>Kontrole urz\u0119dowe, powiadamianie i rejestracja<\/p><p>Podmioty dzia\u0142aj\u0105ce na rynku pasz wsp\u00f3\u0142pracuj\u0105 z w\u0142a\u015bciwymi organami zgodnie z odpowiednimi przepisami wsp\u00f3lnotowymi oraz zgodnymi z nimi przepisami prawa krajowego.<\/p><p>Podmioty dzia\u0142aj\u0105ce na rynku pasz: powiadamiaj\u0105 w\u0142a\u015bciwy organ o wszystkich kontrolowanych przez nie zak\u0142adach prowadz\u0105cych dzia\u0142alno\u015b\u0107 na jakimkolwiek etapie produkcji, przetwarzania, przechowywania, transportu lub dystrybucji pasz, w formie wymaganej przez ten organ, w celu rejestracji; dostarczaj\u0105 w\u0142a\u015bciwemu organowi aktualne informacje na temat wszystkich znajduj\u0105cych si\u0119 pod ich kontrol\u0105 zak\u0142ad\u00f3w, o kt\u00f3rych mowa pod lit. a), w tym tak\u017ce powiadamiaj\u0105 w\u0142a\u015bciwy organ o wszelkich istotnych zmianach w zakresie ich dzia\u0142alno\u015bci, a tak\u017ce o ka\u017cdym przypadku zamkni\u0119cia zak\u0142adu.<\/p><p>W\u0142a\u015bciwy organ prowadzi rejestr lub rejestry zak\u0142ad\u00f3w.<\/p><p>Kontakt:<\/p><p>telefon\/fax: (24) 275 29 95\/wew.l3 e-mail: piw@sierpcpiw.eu strona internetowa: www.sierpcpiw.eu Op\u0142ata skarbowa za wydanie za\u015bwiadczenia o wpisie do Rejestru Podmiot\u00f3w Paszowych wynosi 17 z\u0142.<\/p><p>P\u0142atno\u015bci nale\u017cy dokona\u0107 na konto Urz\u0119du Miejskiego w Sierpcu (w kasie UM lub przelewem) Kasa UM czynna: poniedzia\u0142ek 7:30 &#8211; 16:00, wtorek-pi\u0105tek 7:30 -14:00 Numer rachunku bankowego: PEKAO S.A. o\/Sierpc, 10 1240 3204 1111 0000 2905 2770<\/p><p>Zakres kontroli Pomieszczenia i wyposa\u017cenie<\/p><p>1. Pomieszczenia, wyposa\u017cenie, pojemniki, skrzynie i pojazdy przeznaczone do przetwarzania i przechowywania pasz, a tak\u017ce ich bezpo\u015brednie otoczenie utrzymywane s\u0105 w czysto\u015bci oraz, je\u015bli jest to konieczne, poddawane odpowiedniej dezynfekcji 2. zapewnione s\u0105 higieniczne warunki produkcji, transportu i przechowywania pasz 3. rozk\u0142ad, rozplanowanie, konstrukcja i rozmiar pomieszcze\u0144 oraz spos\u00f3b zainstalowania wyposa\u017cenia pozwalaj\u0105 na ich odpowiednie oczyszczanie i\/lub dezynfekcj\u0119 4. stropy oraz instalacje napowietrzne s\u0105 zaprojektowane, skonstruowane i wyko\u0144czone w spos\u00f3b zapobiegaj\u0105cy gromadzeniu si\u0119 zanieczyszcze\u0144, ograniczaj\u0105cy skraplanie wody i rozrost ple\u015bni oraz rozprzestrzenianie si\u0119 cz\u0105stek, kt\u00f3re mog\u0105 mie\u0107 negatywny wp\u0142yw na bezpiecze\u0144stwo i jako\u015b\u0107 pasz 5. pod\u0142ogi i \u015bciany pomieszcze\u0144 s\u0105 skonstruowane tak, \u017ce umo\u017cliwiaj\u0105 skuteczne czyszczenie lub\/i dezynfekcj\u0119 6. koryta i poid\u0142a skonstruowane s\u0105 tak, \u017ce umo\u017cliwiaj\u0105 skuteczne czyszczenie i dezynfekcj\u0119 oraz uniemo\u017cliwiaj\u0105 zanieczyszczenie odchodami 7. liczba poide\u0142 i karmide\u0142 jest dostosowana do liczby zwierz\u0105t 8. obiekty s\u0142u\u017c\u0105ce do produkcji zwierz\u0119cej oraz urz\u0105dzenia do zadawania pasz s\u0105 regularnie i kompleksowo czyszczone 9. preparaty chemiczne wykorzystywane do czyszczenia i odka\u017cania poide\u0142 i koryt stosowane s\u0105 zgodnie z odpowiednimi instrukcjami i przechowywane z dala od paszy i miejsca jej zadawania 10. w procesie wytwarzania pasz stosuje si\u0119 czyst\u0105 wod\u0119, posiadaj\u0105c\u0105 odpowiedni\u0105 jako\u015b\u0107 dla zwierz\u0105t 11. pomieszczenia przeznaczone do produkcji i przechowywania pasz s\u0105 zabezpieczone przed dost\u0119pem zwierz\u0105t dziko\u017cyj\u0105cych, domowych, gryzoni, ptak\u00f3w i owad\u00f3w oraz zwierz\u0105t gospodarskich 12. pasze s\u0105 przechowywane w spos\u00f3b uniemo\u017cliwiaj\u0105cy zanieczyszczenie \u015brodkami ochrony ro\u015blin lub innymi substancjami chemicznymi, kt\u00f3rych zawarto\u015b\u0107 mo\u017ce stanowi\u0107 zagro\u017cenie dla zdrowia zwierz\u0105t oraz jako\u015bci produkt\u00f3w pochodzenia zwierz\u0119cego 13. materia\u0142y opakowaniowe po zu\u017cytych paszach s\u0105 przechowywane w wyodr\u0119bnionym miejscu i odpowiednio tj. zgodnie z obowi\u0105zuj\u0105cym prawem usuwane 14. w gospodarstwie znajduje si\u0119 miejsce zapewniaj\u0105ce w\u0142a\u015bciwe warunki do przetrzymywania produkt\u00f3w leczniczych weterynaryjnych oraz pasz leczniczych? Czy jest zabezpieczone przed dost\u0119pem os\u00f3b niepowo\u0142anych 15. stosowane do produkcji zwierz\u0119cej pasze i materia\u0142y \u015bci\u00f3\u0142kowe s\u0105 cz\u0119sto zmieniane<\/p><p>Prowadzenie dokumentacji<\/p><p>1. Prowadzona jest dokumentacja dotycz\u0105ca ka\u017cdego przypadku stosowania \u015brodk\u00f3w ochrony ro\u015blin oraz preparat\u00f3w biob\u00f3jczych 2. prowadzona jest dokumentacja dotycz\u0105ca stosowania nasion genetycznie zmodyfikowanych 3. prowadzona jest dokumentacja dotycz\u0105ca ka\u017cdego przypadku pojawienia si\u0119 szkodnik\u00f3w lub chor\u00f3b, kt\u00f3re mog\u0105 wywrze\u0107 wp\u0142yw na bezpiecze\u0144stwo produkt\u00f3w pierwotnych 4. prowadzona jest \u201eewidencja leczenia zwierz\u0105t gospodarskich oraz zwierz\u0105t, z kt\u00f3rych pozyskane tkanki lub produkty s\u0105 przeznaczone do spo\u017cycia przez ludzi 5. ewidencj a leczenia zwierz\u0105t gospodarskich przechowywana j est przez utrzymuj \u0105cego zwierz\u0119ta przez okres 5 lat od daty ostatniego wpisu 6. produkty lecznicze weterynaryjne o w\u0142a\u015bciwo\u015bciach anabolicznych, przeciwbakteryjnych, przeciwpaso\u017cytniczych, przeciwzapalnych, hormonalnych i psychotropowych w\u0142a\u015bciciel zwierz\u0105t lub osoba odpowiedzialna za zwierz\u0119ta naby\u0142a w ramach obrotu detalicznego prowadzonego przez lekarza weterynarii lecz\u0105cego zwierz\u0119ta 7. w\u0142a\u015bciciel zwierz\u0105t lub osoba odpowiedzialna za zwierz\u0119ta, kt\u00f3rych tkanki i produkty przeznaczone s\u0105 do spo\u017cycia przez ludzi, posiada dokument potwierdzaj\u0105cy nabycie weterynaryjnych produkt\u00f3w leczniczych posiadaj\u0105cych w\u0142a\u015bciwo\u015bci anaboliczne, przeciwbakteryjne, przeciwpaso\u017cytnicze, przeciwzapalne, hormonalne i psychotropowe<\/p><p>8. dokumenty potwierdzaj\u0105ce nabycie produkt\u00f3w leczniczych weterynaryjnych s\u0105 przechowywane przez okres pi\u0119ciu lat 9. produkty lecznicze weterynaryjne stosowane s\u0105 w ustalonych dla nich terminach wa\u017cno\u015bci 10. prowadzona jest dokumentacja dotycz\u0105ca wynik\u00f3w wszelkich analiz pr\u00f3bek produkt\u00f3w pierwotnych lub innych pr\u00f3bek pobranych dla cel\u00f3w diagnostycznych i posiadaj\u0105cych istotne znaczenie dla bezpiecze\u0144stwa pasz 11. prowadzona jest dokumentacja dotycz\u0105ca \u017ar\u00f3d\u0142a i ilo\u015bci paszy w ka\u017cdej partii przyjmowanej, a tak\u017ce przeznaczenia i ilo\u015bci paszy w ka\u017cdej partii wydawanej 12. prowadzona jest dokumentacja dotycz\u0105ca prawid\u0142owego usuwania martwych zwierz\u0105t i \u015bci\u00f3\u0142ki<\/p><p>Personel<\/p><p>1. osoba odpowiedzialna za \u017cywienie i opiek\u0119 nad zwierz\u0119tami posiada odpowiednie umiej\u0119tno\u015bci, wiedz\u0119 i kompetencje 2. pracownik odpowiedzialny za przygotowywanie i zdawanie paszy stosuje odzie\u017c ochronn\u0105<\/p><p>Przechowywanie i transport<\/p><p>1. zbo\u017ca oraz inne pasze przechowywane w taki spos\u00f3b, aby by\u0142y niedost\u0119pne dla zwierz\u0105t 2. pasze gotowe oddzielone s\u0105 od nieprzetworzonych materia\u0142\u00f3w paszowych oraz dodatk\u00f3w w celu unikni\u0119cia zanieczyszczenia krzy\u017cowego 3. przemieszczanie pasz z miej sca ich wytworzenia do miej sca ich zastosowania odbywa si\u0119 przy u\u017cyciu \u015brodk\u00f3w transportu spe\u0142niaj\u0105cych wymogi higieniczne 4. pasze przechowuje si\u0119 w miejscach do tego przeznaczonych, przystosowanych i odpowiednio utrzymanych w celu unikni\u0119cia ska\u017ce\u0144 krzy\u017cowych lub zanieczyszczenia chemicznego lub\/i mikrobiologicznego 5. dost\u0119p do miejsc, gdzie przechowuje si\u0119 pasze jest ograniczony wy\u0142\u0105cznie do os\u00f3b upowa\u017cnionych 6. pasze s\u0105 przechowywane i transportowane w spos\u00f3b umo\u017cliwiaj\u0105cy ich \u0142atw\u0105 identyfikacj\u0119, oraz w spos\u00f3b uniemo\u017cliwiaj\u0105cy wyst\u0105pienie pomy\u0142ek oraz pogorszenia ich jako\u015bci<\/p><p>Inne<\/p><p>1. przestrzegane s\u0105 okresy trwa\u0142o\u015bci pasz 2. nie stosuje si\u0119 pasz zawieraj\u0105cych substancje zabronione 3. nie stosuje si\u0119 pasz zepsutych 4. pasze i materia\u0142y paszowe nie zawieraj\u0105 \u017cywych szkodnik\u00f3w z grupy owad\u00f3w 5. wszystkie wykorzystywane w gospodarstwie dodatki paszowe s\u0105 stosowane zgodnie z rozp.l 831\/2003 6. w gospodarstwie stosuje si\u0119 pasze genetycznie modyfikowane dopuszczone zgodnie z prawodawstwem UE 7. wykorzystywane w gospodarstwie pasze pochodz\u0105 wy\u0142\u0105cznie od zarejestrowanych oraz\/lub zatwierdzonych podmiot\u00f3w 8. w przypadku stosowania materia\u0142\u00f3w paszowych zawieraj\u0105cych \u017ar\u00f3d\u0142o bia\u0142ka pochodz\u0105cego z tkanek zwierz\u0105t dopuszczonych w rozporz\u0105dzeniu 999\/2001 w \u017cywieniu zwierz\u0105t gospodarskich (je\u015bli dotyczy), gospodarstwo otrzyma\u0142o odpowiednie zezwolenie 9. w \u017cywieniu zwierz\u0105t gospodarskich nie stosuje si\u0119 odpad\u00f3w gastronomicznych 10. w\u0142a\u015bciwe pasze zadawane zwierz\u0119tom, dla kt\u00f3rych s\u0105 one przeznaczone 11. wydajno\u015b\u0107 produkcyjna zwierz\u0105t jest zgodna z obowi\u0105zuj\u0105cymi standardami<\/p><p>\u00a0<\/p>\t\t\t\t\t<\/div>\n\t\t\t\t\t\t<\/div>\n\t\t\t\t<\/div>\n\t\t\t\t\t\t<\/div>\n\t\t\t\t\t<\/div>\n\t\t<\/div>\n\t\t\t\t\t\t\t\t<\/div>\n\t\t\t\t\t<\/div>\n\t\t<\/section>\n\t\t\t\t<section class=\"elementor-section elementor-top-section elementor-element elementor-element-424e5b9 elementor-section-boxed elementor-section-height-default elementor-section-height-default\" data-id=\"424e5b9\" data-element_type=\"section\">\n\t\t\t\t\t\t<div class=\"elementor-container elementor-column-gap-default\">\n\t\t\t\t\t\t\t<div class=\"elementor-row\">\n\t\t\t\t\t<div class=\"elementor-column elementor-col-100 elementor-top-column elementor-element elementor-element-7378d94\" data-id=\"7378d94\" data-element_type=\"column\">\n\t\t\t<div class=\"elementor-column-wrap elementor-element-populated\">\n\t\t\t\t\t\t\t<div class=\"elementor-widget-wrap\">\n\t\t\t\t\t\t<div class=\"elementor-element elementor-element-7754d06 elementor-widget elementor-widget-text-editor\" data-id=\"7754d06\" data-element_type=\"widget\" data-widget_type=\"text-editor.default\">\n\t\t\t\t<div class=\"elementor-widget-container\">\n\t\t\t\t\t\t\t\t<div class=\"elementor-text-editor elementor-clearfix\">\n\t\t\t\t<p><b>BEZPIECZE\u0143STWO \u017bYWNO\u015aCI, PASZ I \u017bYWIENIA<\/b><\/p><p>Jako\u015b\u0107 \u017cywno\u015bci i pasz istotnie wp\u0142ywa na \u017cycie i zdrowie ludzi oraz zwierz\u0105t, dlatego wa\u017cne jest zapewnienie bezpiecze\u0144stwa \u017cywno\u015bci i pasz we wszystkich elementach \u0142a\u0144cucha \u017cywno\u015bciowego obejmuj\u0105cego produkcj\u0119 \u017cywno\u015bci, zdrowie ro\u015blin i zwierz\u0105t, dobrostan zwierz\u0105t, produkcj\u0119 pierwotn\u0105 paszy, przetwarzanie paszy, jej sk\u0142adowanie, transport, sprzeda\u017c detaliczn\u0105, hurtow\u0105, import oraz eksport.<\/p><p>Podstawa prawna<\/p><p>Rozporz\u0105dzenie (WE) nr 183\/2005 Parlamentu Europejskiego i Rady z dnia 12 stycznia 2005 r. ustanawiaj\u0105cego wymagania dotycz\u0105ce higieny pasz (Dz.U.UE.L.2005.35.1 z p\u00f3\u017an. zm.)<\/p><p>Przedmiot, zakres stosowania i definicje<\/p><p>Niniejsze rozporz\u0105dzenie okre\u015bla: og\u00f3lne zasady higieny pasz; warunki i ustalenia zapewniaj\u0105ce mo\u017cliwo\u015b\u0107 \u015bledzenia drogi paszy; warunki i ustalenia dotycz\u0105ce rejestracji i zatwierdzania zak\u0142ad\u00f3w.<\/p><p>Niniejsze rozporz\u0105dzenie stosuje si\u0119 do: dzia\u0142alno\u015bci podmiot\u00f3w dzia\u0142aj\u0105cych na rynku pasz, na wszystkich etapach, pocz\u0105wszy od produkcji pierwotnej pasz, a\u017c do wprowadzenia paszy do obrotu w\u0142\u0105cznie; \u017cywienia zwierz\u0105t przeznaczonych do produkcji \u017cywno\u015bci; przywozu paszy z kraj\u00f3w trzecich oraz jej wywozu do kraj\u00f3w trzecich.<\/p><p>Dla cel\u00f3w niniejszego rozporz\u0105dzenia stosuje si\u0119 odpowiednio definicje okre\u015blone w rozporz\u0105dzeniu (WE) nr 178\/2002, z zastrze\u017ceniem nast\u0119puj\u0105cych definicji szczeg\u00f3lnych: &#8220;higiena pasz&#8221; oznacza \u015brodki i warunki niezb\u0119dne do kontroli zagro\u017ce\u0144 oraz zapewnienia przydatno\u015bci paszy do \u017cywienia zwierz\u0105t, z uwzgl\u0119dnieniem jej przeznaczenia; &#8220;podmiot dzia\u0142aj\u0105cy na rynku pasz&#8221; oznacza osoby fizyczne lub prawne odpowiedzialne za wype\u0142nienie wymog\u00f3w niniejszego rozporz\u0105dzenia w przedsi\u0119biorstwie paszowym pozostaj\u0105cym pod ich kontrol\u0105; &#8220;dodatki do pasz&#8221; oznacza substancje lub mikroorganizmy, kt\u00f3rych stosowanie jest dozwolone zgodnie z rozporz\u0105dzeniem (WE) nr 1831\/2004 Parlamentu Europejskiego i Rady z dnia 22 wrze\u015bnia 2003 r. w sprawie dodatk\u00f3w stosowanych w \u017cywieniu zwierz\u0105t 13 ; &#8220;zak\u0142ad&#8221; oznacza dowoln\u0105 jednostk\u0119 przedsi\u0119biorstwa paszowego; &#8220;w\u0142a\u015bciwy organ&#8221; oznacza organ Pa\u0144stwa Cz\u0142onkowskiego lub kraju trzeciego wyznaczony do przeprowadzania kontroli urz\u0119dowych; &#8220;produkcja pierwotna paszy&#8221; oznacza produkcj\u0119 produkt\u00f3w rolnych, w tym w szczeg\u00f3lno\u015bci upraw\u0119, zbiory, dojenie i hodowl\u0119 zwierz\u0105t (przed ubojem) lub rybo\u0142\u00f3wstwo, kt\u00f3rego wynikiem jest pozyskanie produkt\u00f3w niepoddawanych \u017cadnym dzia\u0142aniom po ich zbiorze lub z\u0142owieniu, z wyj\u0105tkiem prostych czynno\u015bci fizycznych.<\/p><p>Podmioty dzia\u0142aj\u0105ce na rynku pasz nie mog\u0105 prowadzi\u0107 dzia\u0142alno\u015bci, je\u017celi nie zostan\u0105 one zarejestrowane, zgodnie z art. 9 lub nie uzyskaj\u0105 zatwierdzenia, gdy jest ono wymagane na mocy art. 10.<\/p><p>Kontrole urz\u0119dowe, powiadamianie i rejestracja<\/p><p>Podmioty dzia\u0142aj\u0105ce na rynku pasz wsp\u00f3\u0142pracuj\u0105 z w\u0142a\u015bciwymi organami zgodnie z odpowiednimi przepisami wsp\u00f3lnotowymi oraz zgodnymi z nimi przepisami prawa krajowego.<\/p><p>Podmioty dzia\u0142aj\u0105ce na rynku pasz: powiadamiaj\u0105 w\u0142a\u015bciwy organ o wszystkich kontrolowanych przez nie zak\u0142adach prowadz\u0105cych dzia\u0142alno\u015b\u0107 na jakimkolwiek etapie produkcji, przetwarzania, przechowywania, transportu lub dystrybucji pasz, w formie wymaganej przez ten organ, w celu rejestracji; dostarczaj\u0105 w\u0142a\u015bciwemu organowi aktualne informacje na temat wszystkich znajduj\u0105cych si\u0119 pod ich kontrola zak\u0142ad\u00f3w, o kt\u00f3rych mowa pod lit, a), w tym tak\u017ce powiadamiaj\u0105 w\u0142a\u015bciwy organ o wszelkich istotnych zmianach w zakresie ich dzia\u0142alno\u015bci, a tak\u017ce o ka\u017cdym przypadku zamkni\u0119cia zak\u0142adu.<\/p><p>W\u0142a\u015bciwy organ prowadzi rejestr lub rejestry zak\u0142ad\u00f3w.<\/p><p>Tymczasowe cofni\u0119cie rejestracji lub zatwierdzenia<\/p><p>W\u0142a\u015bciwy organ mo\u017ce tymczasowo cofn\u0105\u0107 rejestracj\u0119 lub zatwierdzenie zak\u0142adu w zakresie jednego, kilku lub wszystkich rodzaj\u00f3w prowadzonej przeze\u0144 dzia\u0142alno\u015bci, je\u015bli zak\u0142ad ten przesta\u0142 spe\u0142nia\u0107 warunki maj\u0105ce zastosowanie przy prowadzeniu tego rodzaju dzia\u0142alno\u015bci. Takie tymczasowe cofni\u0119cie obowi\u0105zuje do momentu spe\u0142nienia przez zak\u0142ad tych warunk\u00f3w. W przypadku gdy dany zak\u0142ad nie spe\u0142ni warunk\u00f3w w ci\u0105gu roku, zastosowanie znajduj\u0105 postanowienia art. 15 czyli cofni\u0119cie rejestracji lub zatwierdzenia.<\/p><p>Cofni\u0119cie rejestracji lub zatwierdzenia<\/p><p>W\u0142a\u015bciwy organ cofa rejestracj\u0119 lub zatwierdzenie okre\u015blonego zak\u0142adu przyznane w odniesieniu do jednego, kilku lub wszystkich rodzaj\u00f3w prowadzonej dzia\u0142alno\u015bci w przypadku gdy: zak\u0142ad zaprzesta\u0142 prowadzenia jednego lub kilku rodzaj\u00f3w dzia\u0142alno\u015bci; zosta\u0142o wykazane, \u017ce zak\u0142ad nie spe\u0142nia\u0142 warunk\u00f3w maj\u0105cych zastosowanie wobec prowadzonych przeze\u0144 rodzaj\u00f3w dzia\u0142alno\u015bci przez okres jednego roku; w\u0142a\u015bciwy organ stwierdzi\u0142 powa\u017cne niedoci\u0105gni\u0119cia lub zmuszony by\u0142 wielokrotnie wstrzymywa\u0107 produkcj\u0119 w danym zak\u0142adzie, a podmiot dzia\u0142aj\u0105cy na rynku pasz nadal nie jest w stanie zapewni\u0107 dostatecznych gwarancji w odniesieniu do przysz\u0142ej dzia\u0142alno\u015bci produkcyjnej.<\/p><p>Zmiany w rejestracji lub zatwierdzeniu zak\u0142adu<\/p><p>W\u0142a\u015bciwy organ dokonuje, na \u017c\u0105danie, zmiany w rejestracji lub zatwierdzeniu danego zak\u0142adu w przypadku gdy zak\u0142ad ten wykaza\u0142 zdolno\u015b\u0107 do podj\u0119cia innej dzia\u0142alno\u015bci obok lub w miejsce dzia\u0142alno\u015bci, w zakresie kt\u00f3rej dokonano jego pierwszej rejestracji lub zatwierdzenia.<\/p><p>Wniosek o wpis do rejestru zak\u0142ad\u00f3w (USTAWA z dnia 22 lipca 2006 r. o paszach Dz.U.2023.1149 t.j.)<\/p><p>sk\u0142adaj\u0105 podmioty, o kt\u00f3rych mowa w art. 9 ust. 2 rozporz\u0105dzenia nr 183\/2005, zatwierdzenie zak\u0142adu sk\u0142adaj\u0105 podmioty, o kt\u00f3rych mowa w art. 10 rozporz\u0105dzenia nr 183\/2005 w terminie co najmniej 30 dni przed dniem rozpocz\u0119cia planowanej dzia\u0142alno\u015bci.<\/p><div>\u00a0<\/div>\t\t\t\t\t<\/div>\n\t\t\t\t\t\t<\/div>\n\t\t\t\t<\/div>\n\t\t\t\t\t\t<\/div>\n\t\t\t\t\t<\/div>\n\t\t<\/div>\n\t\t\t\t\t\t\t\t<\/div>\n\t\t\t\t\t<\/div>\n\t\t<\/section>\n\t\t\t\t<section class=\"elementor-section elementor-top-section elementor-element elementor-element-9888342 elementor-section-boxed elementor-section-height-default elementor-section-height-default\" data-id=\"9888342\" data-element_type=\"section\">\n\t\t\t\t\t\t<div class=\"elementor-container elementor-column-gap-default\">\n\t\t\t\t\t\t\t<div class=\"elementor-row\">\n\t\t\t\t\t<div class=\"elementor-column elementor-col-100 elementor-top-column elementor-element elementor-element-dc8b4c5\" data-id=\"dc8b4c5\" data-element_type=\"column\">\n\t\t\t<div class=\"elementor-column-wrap elementor-element-populated\">\n\t\t\t\t\t\t\t<div class=\"elementor-widget-wrap\">\n\t\t\t\t\t\t<div class=\"elementor-element elementor-element-0d3f2c9 elementor-widget elementor-widget-text-editor\" data-id=\"0d3f2c9\" data-element_type=\"widget\" data-widget_type=\"text-editor.default\">\n\t\t\t\t<div class=\"elementor-widget-container\">\n\t\t\t\t\t\t\t\t<div class=\"elementor-text-editor elementor-clearfix\">\n\t\t\t\t\t\t\t\t\t<\/div>\n\t\t\t\t\t\t<\/div>\n\t\t\t\t<\/div>\n\t\t\t\t\t\t<\/div>\n\t\t\t\t\t<\/div>\n\t\t<\/div>\n\t\t\t\t\t\t\t\t<\/div>\n\t\t\t\t\t<\/div>\n\t\t<\/section>\n\t\t\t\t<section class=\"elementor-section elementor-top-section elementor-element elementor-element-772f3b4 elementor-section-boxed elementor-section-height-default elementor-section-height-default\" data-id=\"772f3b4\" data-element_type=\"section\">\n\t\t\t\t\t\t<div class=\"elementor-container elementor-column-gap-default\">\n\t\t\t\t\t\t\t<div class=\"elementor-row\">\n\t\t\t\t\t<div class=\"elementor-column elementor-col-100 elementor-top-column elementor-element elementor-element-3d753a8\" data-id=\"3d753a8\" data-element_type=\"column\">\n\t\t\t<div class=\"elementor-column-wrap elementor-element-populated\">\n\t\t\t\t\t\t\t<div class=\"elementor-widget-wrap\">\n\t\t\t\t\t\t<div class=\"elementor-element elementor-element-8aeac3c elementor-widget elementor-widget-text-editor\" data-id=\"8aeac3c\" data-element_type=\"widget\" data-widget_type=\"text-editor.default\">\n\t\t\t\t<div class=\"elementor-widget-container\">\n\t\t\t\t\t\t\t\t<div class=\"elementor-text-editor elementor-clearfix\">\n\t\t\t\t<p><strong><a href=\"https:\/\/sierpcpiw.eu\/wp-content\/uploads\/2024\/04\/Dokumentacja-do-prowadzenia-w-gospodarstwie-2024.xls\">Dokumentacja do prowadzenia w gospodarstwie 2024<\/a><\/strong><\/p><p>\u00a0<\/p>\t\t\t\t\t<\/div>\n\t\t\t\t\t\t<\/div>\n\t\t\t\t<\/div>\n\t\t\t\t\t\t<\/div>\n\t\t\t\t\t<\/div>\n\t\t<\/div>\n\t\t\t\t\t\t\t\t<\/div>\n\t\t\t\t\t<\/div>\n\t\t<\/section>\n\t\t\t\t\t\t\t\t\t<\/div>\n\t\t\t<\/div>\n\t\t\t\t\t<\/div>\n\t\t","protected":false},"excerpt":{"rendered":"<p>RPP wniosek o wpis i wydanie za\u015bwiadczenia 2025 Przygotowanie do kontroli gospodarstw dzia\u0142aj\u0105cych na rynku pasz- produkcja pierwotna pasz: 1. Tabliczka \u201eMagazyn paszowy\u201d, \u201eMagazyn zbo\u017cowy\u201d, \u201eNieupowa\u017cnionym wst\u0119p wzbroniony\u201d w miejscu przechowywania zb\u00f3\u017c oraz przygotowywania pasz. Pomieszczenia powinny by\u0107 zamykane na zamek lub k\u0142\u00f3dk\u0119. 2. Tabliczka \u201eLeki weterynaryjne\u201d w miejscu przeznaczonym na leki. Szafka lub pomieszczenie [&hellip;]<\/p>\n","protected":false},"author":1,"featured_media":0,"parent":0,"menu_order":0,"comment_status":"closed","ping_status":"closed","template":"","meta":{"footnotes":""},"class_list":["post-793","page","type-page","status-publish","hentry","post"],"_links":{"self":[{"href":"https:\/\/sierpcpiw.eu\/index.php\/wp-json\/wp\/v2\/pages\/793","targetHints":{"allow":["GET"]}}],"collection":[{"href":"https:\/\/sierpcpiw.eu\/index.php\/wp-json\/wp\/v2\/pages"}],"about":[{"href":"https:\/\/sierpcpiw.eu\/index.php\/wp-json\/wp\/v2\/types\/page"}],"author":[{"embeddable":true,"href":"https:\/\/sierpcpiw.eu\/index.php\/wp-json\/wp\/v2\/users\/1"}],"replies":[{"embeddable":true,"href":"https:\/\/sierpcpiw.eu\/index.php\/wp-json\/wp\/v2\/comments?post=793"}],"version-history":[{"count":16,"href":"https:\/\/sierpcpiw.eu\/index.php\/wp-json\/wp\/v2\/pages\/793\/revisions"}],"predecessor-version":[{"id":1672,"href":"https:\/\/sierpcpiw.eu\/index.php\/wp-json\/wp\/v2\/pages\/793\/revisions\/1672"}],"wp:attachment":[{"href":"https:\/\/sierpcpiw.eu\/index.php\/wp-json\/wp\/v2\/media?parent=793"}],"curies":[{"name":"wp","href":"https:\/\/api.w.org\/{rel}","templated":true}]}}