{"id":87,"date":"2021-01-21T03:38:26","date_gmt":"2021-01-21T02:38:26","guid":{"rendered":"http:\/\/sierpcpiw.eu\/?page_id=87"},"modified":"2024-03-21T13:36:10","modified_gmt":"2024-03-21T12:36:10","slug":"rodo","status":"publish","type":"page","link":"https:\/\/sierpcpiw.eu\/index.php\/rodo\/","title":{"rendered":"RODO"},"content":{"rendered":"\t\t<div data-elementor-type=\"wp-page\" data-elementor-id=\"87\" class=\"elementor elementor-87\">\n\t\t\t\t\t\t<div class=\"elementor-inner\">\n\t\t\t\t<div class=\"elementor-section-wrap\">\n\t\t\t\t\t\t\t\t\t<section class=\"elementor-section elementor-top-section elementor-element elementor-element-3cdb2c76 elementor-section-boxed elementor-section-height-default elementor-section-height-default\" data-id=\"3cdb2c76\" data-element_type=\"section\">\n\t\t\t\t\t\t<div class=\"elementor-container elementor-column-gap-default\">\n\t\t\t\t\t\t\t<div class=\"elementor-row\">\n\t\t\t\t\t<div class=\"elementor-column elementor-col-100 elementor-top-column elementor-element elementor-element-4fdefd7b\" data-id=\"4fdefd7b\" data-element_type=\"column\">\n\t\t\t<div class=\"elementor-column-wrap elementor-element-populated\">\n\t\t\t\t\t\t\t<div class=\"elementor-widget-wrap\">\n\t\t\t\t\t\t<div class=\"elementor-element elementor-element-bfb2fce elementor-widget elementor-widget-text-editor\" data-id=\"bfb2fce\" data-element_type=\"widget\" data-widget_type=\"text-editor.default\">\n\t\t\t\t<div class=\"elementor-widget-container\">\n\t\t\t\t\t\t\t\t<div class=\"elementor-text-editor elementor-clearfix\">\n\t\t\t\t<h1><a name=\"_Toc495250980\"><\/a><\/h1><center>Klauzula informacyjna dla<\/center><h1><strong>kontrahent\u00f3w <\/strong><\/h1><center>Powiatowego Inspektoratu Weterynarii w Sierpcu<\/center><p><strong>\u00a0<\/strong><\/p><p>\u00a0\u00a0\u00a0\u00a0\u00a0\u00a0\u00a0\u00a0 Na podstawie art. 13 ust. 1 i 2 rozporz\u0105dzenia Parlamentu Europejskiego i Rady (UE) 2016\/679 z dnia 27 kwietnia 2016 r. <em>w sprawie ochrony os\u00f3b fizycznych w zwi\u0105zku z przetwarzaniem danych osobowych i w sprawie swobodnego przep\u0142ywu takich danych oraz uchylenia dyrektywy 95\/46\/WE (og\u00f3lne rozporz\u0105dzenie o ochronie danych)<\/em> (Dz.U. L 119 z 4.5.2016, str. 1\u201488), dalej jako \u201eRODO\u201d, uprzejmie informujemy, \u017ce:<\/p><p>1) administratorem danych osobowych jest Powiatowy Lekarz Weterynarii w Sierpcu \u2013 lek. wet. Zbigniew Zawalich, adres siedziby: ul. Konstytucji 3 Maja 40 A, 09-200 Sierpc, kontakt: e-mail: <a href=\"mailto:sierpc.piw@vp.pl\"><em>piw@sierpcpiw.eu<\/em><\/a>\u00a0tel. <em>24 275 29 95<\/em>;<\/p><p>2) w sprawie ochrony danych osobowych mo\u017cna skontaktowa\u0107 si\u0119 z Inspektorem Ochrony Danych pod adresem e-mail: <a href=\"mailto:iod@sierpcpiw.eu\">iod@sierpcpiw.eu<\/a>;<\/p><p>3) Pa\u0144stwa dane osobowe b\u0119d\u0105 przetwarzane na podstawie:<\/p><ol><li>a) 6 ust. 1 lit. b RODO, tj. przetwarzanie jest konieczne do realizacji umowy;<\/li><li>b) art. 6 ust. 1 lit. c RODO, tj. przetwarzanie jest niezb\u0119dne do realizacji obowi\u0105zk\u00f3w ci\u0105\u017c\u0105cych na administratorze, takich rozliczenia finansowe, w tym podatkowe.<\/li><li>c) art. 6 ust. 1 lit. f RODO, tj. przetwarzanie jest nieodzowne dla realizacji cel\u00f3w wynikaj\u0105cych <br \/>z prawnie uzasadnionych interes\u00f3w administratora, takich jak ewentualna konieczno\u015b\u0107 odpierania lub realizacji roszcze\u0144 cywilnoprawnych.<\/li><\/ol><p>4) przys\u0142uguje Pa\u0144stwu prawo \u017c\u0105dania dost\u0119pu do swoich danych osobowych oraz otrzymania ich kopii, prawo \u017c\u0105dania ich sprostowania (poprawiania), usuni\u0119cia lub ograniczenia przetwarzania swoich danych osobowych, a tak\u017ce prawo do przenoszenia swoich danych osobowych. W ka\u017cdej chwili przys\u0142uguje Pa\u0144stwu prawo do wniesienia sprzeciwu wobec przetwarzania danych, przetwarzanych na podstawie art. 6 ust. 1 lit. f RODO, wskazanych w pkt. 3 lit. c. Powy\u017csze \u017c\u0105dania mo\u017cna przes\u0142a\u0107 na adres wskazany w pkt. 1. Ponadto, zgodnie z RODO przys\u0142uguje Pa\u0144stwu prawo do wniesienia skargi do Prezesa Urz\u0119du Ochrony Danych Osobowych.<\/p><p>5) Pa\u0144stwa dane b\u0119d\u0105 przechowywane przez okres obowi\u0105zywania umowy do czasu zako\u0144czenia jej realizacji i rozliczenia oraz przez czas, w kt\u00f3rym przepisy nakazuj\u0105 przechowywa\u0107 dane, a tak\u017ce przez okres konieczny do zabezpieczenia ewentualnych roszcze\u0144 \u2013 zgodnie z okresem przedawnienia roszcze\u0144 wynikaj\u0105cym z przepis\u00f3w prawa;<\/p><p>6) Pa\u0144stwa dane osobowe mog\u0105 by\u0107 udost\u0119pniane podmiotom zewn\u0119trznym zajmuj\u0105cym si\u0119 obs\u0142ug\u0105 informatyczn\u0105 i prawn\u0105 administratora oraz instytucjom uprawnionym do kontroli dzia\u0142alno\u015bci administratora;<\/p><p>7) podanie danych osobowych jest obligatoryjne i niezb\u0119dne do zawarcia i realizowania umowy;<\/p><p>8) Pa\u0144stwa dane osobowe nie b\u0119d\u0105 przetwarzane w spos\u00f3b zautomatyzowany i nie b\u0119d\u0105 poddawane profilowaniu.<\/p>\t\t\t\t\t<\/div>\n\t\t\t\t\t\t<\/div>\n\t\t\t\t<\/div>\n\t\t\t\t\t\t<\/div>\n\t\t\t\t\t<\/div>\n\t\t<\/div>\n\t\t\t\t\t\t\t\t<\/div>\n\t\t\t\t\t<\/div>\n\t\t<\/section>\n\t\t\t\t<section class=\"elementor-section elementor-top-section elementor-element elementor-element-4d4fb42 elementor-section-boxed elementor-section-height-default elementor-section-height-default\" data-id=\"4d4fb42\" data-element_type=\"section\">\n\t\t\t\t\t\t<div class=\"elementor-container elementor-column-gap-default\">\n\t\t\t\t\t\t\t<div class=\"elementor-row\">\n\t\t\t\t\t<div class=\"elementor-column elementor-col-100 elementor-top-column elementor-element elementor-element-98b9365\" data-id=\"98b9365\" data-element_type=\"column\">\n\t\t\t<div class=\"elementor-column-wrap elementor-element-populated\">\n\t\t\t\t\t\t\t<div class=\"elementor-widget-wrap\">\n\t\t\t\t\t\t<div class=\"elementor-element elementor-element-9992a4a elementor-widget elementor-widget-text-editor\" data-id=\"9992a4a\" data-element_type=\"widget\" data-widget_type=\"text-editor.default\">\n\t\t\t\t<div class=\"elementor-widget-container\">\n\t\t\t\t\t\t\t\t<div class=\"elementor-text-editor elementor-clearfix\">\n\t\t\t\t<h1 style=\"margin-bottom: .0001pt; text-align: center; line-height: 120%; mso-pagination: widow-orphan lines-together; page-break-after: avoid; mso-outline-level: 2;\"><span style=\"font-size: 12pt; line-height: 120%; font-family: 'Bookman Old Style', serif;\"><b>Klauzula informacyjna dla os\u00f3b fizycznych wpisywanych do rejestr\u00f3w, wykaz\u00f3w i list prowadzonych przez Inspekcj\u0119 Weterynaryjn\u0105<\/b><\/span><\/h1>\n<p style=\"line-height: 120%; mso-pagination: widow-orphan lines-together; page-break-after: avoid; mso-outline-level: 2; margin: 0cm 0cm .0001pt 36.0pt;\"><b><span style=\"font-family: 'Bookman Old Style',serif; mso-fareast-font-family: 'Times New Roman'; mso-fareast-theme-font: major-fareast; mso-bidi-font-family: 'Times New Roman'; mso-fareast-language: PL;\">&nbsp;<\/span><\/b><\/p><p style=\"margin-top:0cm;margin-right:0cm;margin-bottom:0cm;\nmargin-left:36.0pt;margin-bottom:.0001pt;line-height:120%;mso-pagination:widow-orphan lines-together;\npage-break-after:avoid;mso-outline-level:2\"><b><span style=\"font-family:&quot;Bookman Old Style&quot;,serif;mso-fareast-font-family:\n&quot;Times New Roman&quot;;mso-fareast-theme-font:major-fareast;mso-bidi-font-family:\n&quot;Times New Roman&quot;;mso-fareast-language:PL\">&nbsp;<\/span><\/b><\/p><p style=\"margin-top:0cm;margin-right:0cm;margin-bottom:0cm;\nmargin-left:36.0pt;margin-bottom:.0001pt;line-height:120%;mso-pagination:widow-orphan lines-together;\npage-break-after:avoid;mso-outline-level:2\"><span style=\"font-family: &quot;Bookman Old Style&quot;, serif; font-size: 13px; text-align: justify; text-indent: 35.4pt; color: var( --e-global-color-text );\">Na podstawie art. 13 ust. 1 i 2 rozporz\u0105dzenia\nParlamentu Europejskiego&nbsp;<\/span><span style=\"font-family: &quot;Bookman Old Style&quot;, serif; font-size: 13px; text-align: justify; text-indent: 35.4pt; color: var( --e-global-color-text );\">i Rady (UE) 2016\/679 z dnia 27 kwietnia 2016 r. <\/span><i style=\"font-family: &quot;Bookman Old Style&quot;, serif; font-weight: inherit; text-align: justify; text-indent: 35.4pt; color: var( --e-global-color-text );\">w sprawie ochrony os\u00f3b fizycznych&nbsp;<\/i><i style=\"font-family: &quot;Bookman Old Style&quot;, serif; font-weight: inherit; text-align: justify; text-indent: 35.4pt; color: var( --e-global-color-text );\">w zwi\u0105zku z przetwarzaniem danych osobowych i w sprawie swobodnego przep\u0142ywu\ntakich danych oraz uchylenia dyrektywy 95\/46\/WE (og\u00f3lne rozporz\u0105dzenie o\nochronie danych)<\/i><span style=\"font-family: &quot;Bookman Old Style&quot;, serif; font-size: 13px; text-align: justify; text-indent: 35.4pt; color: var( --e-global-color-text );\"> (<\/span><span style=\"font-family: &quot;Bookman Old Style&quot;, serif; font-size: 13px; text-align: justify; text-indent: 35.4pt; color: var( --e-global-color-text );\">Dz.U. L 119 z\n4.5.2016, str. 1\u201488)<\/span><span style=\"font-family: &quot;Bookman Old Style&quot;, serif; font-size: 13px; text-align: justify; text-indent: 35.4pt; color: var( --e-global-color-text );\">, dalej jako \u201eRODO\u201d, uprzejmie informujemy, \u017ce:<\/span><\/p><p style=\"margin-bottom:0cm;margin-bottom:.0001pt;text-align:\njustify;line-height:120%\"><span style=\"font-family:&quot;Bookman Old Style&quot;,serif;\nmso-fareast-font-family:&quot;Times New Roman&quot;;mso-bidi-font-family:&quot;Times New Roman&quot;;\nmso-fareast-language:PL\">1) wsp\u00f3\u0142administratorem danych osobowych:<o:p><\/o:p><\/span><\/p><p style=\"margin-bottom:0cm;margin-bottom:.0001pt;text-align:\njustify;line-height:120%\"><span style=\"font-family:&quot;Bookman Old Style&quot;,serif;\nmso-fareast-font-family:&quot;Times New Roman&quot;;mso-bidi-font-family:&quot;Times New Roman&quot;;\nmso-fareast-language:PL\">a) w ramach zada\u0144 realizowanych przez G\u0142\u00f3wnego Lekarza\nWeterynarii jest G\u0142\u00f3wny Lekarz Weterynarii (adres siedziby: ul. Wsp\u00f3lna 30,\n00-930 Warszawa, kontakt: <br>\ne-mail: wet@wetgiw.gov.pl, tel.: (48) 22 623 17 17, 22 623 20 89),<o:p><\/o:p><\/span><\/p><p style=\"margin-bottom:0cm;margin-bottom:.0001pt;text-align:\njustify;line-height:120%\"><span style=\"font-family:&quot;Bookman Old Style&quot;,serif;\nmso-fareast-font-family:&quot;Times New Roman&quot;;mso-bidi-font-family:&quot;Times New Roman&quot;;\nmso-fareast-language:PL\">b) w ramach zada\u0144 realizowanych przez Wojew\u00f3dzkiego Lekarza\nWeterynarii <br>\nw wojew\u00f3dztwie mazowieckiem jest Mazowiecki Wojew\u00f3dzki Lekarz Weterynarii <br>\nw Siedlcach (adres siedziby: ul. Kazimierzowska 29, 08-110 Siedlce, kontakt: <br>\ne-mail: wiw@mazowsze.wiw.gov.pl, tel.:<\/span> <span style=\"font-family:&quot;Bookman Old Style&quot;,serif;\nmso-fareast-font-family:&quot;Times New Roman&quot;;mso-bidi-font-family:&quot;Times New Roman&quot;;\nmso-fareast-language:PL\">25 632 64 59);<o:p><\/o:p><\/span><\/p><p style=\"margin-bottom:0cm;margin-bottom:.0001pt;text-align:\njustify;line-height:120%\"><span style=\"font-family:&quot;Bookman Old Style&quot;,serif;\nmso-fareast-font-family:&quot;Times New Roman&quot;;mso-bidi-font-family:&quot;Times New Roman&quot;;\nmso-fareast-language:PL\">c) w ramach zada\u0144 realizowanych przez Powiatowego Lekarza\nWeterynarii <br>\nw Sierpcu jest Powiatowy Lekarz Weterynarii w Sierpcu (adres siedziby: <br>\nul. Konstytucji 3 Maja 40 A, 09-200 Sierpc, kontakt: e-mail: sierpc.piw@vp.pl,\ntel. 24 275 29 95), kt\u00f3ry wykonuje obowi\u0105zki informacyjne, o kt\u00f3rych mowa w\nart. 13 i 14 RODO;<o:p><\/o:p><\/span><\/p><p style=\"margin-bottom:0cm;margin-bottom:.0001pt;text-align:\njustify;line-height:120%\"><span style=\"font-family:&quot;Bookman Old Style&quot;,serif;\nmso-fareast-font-family:&quot;Times New Roman&quot;;mso-bidi-font-family:&quot;Times New Roman&quot;;\nmso-fareast-language:PL\">2) <\/span><span style=\"font-family:&quot;Bookman Old Style&quot;,serif\">w\nsprawach z zakresu ochrony danych osobowych przetwarzanych <br>\nmo\u017cliwy jest kontakt pod adresem <span style=\"color:black;mso-themecolor:text1\">mailowym\nlub telefonicznym<\/span><\/span><span style=\"font-family:&quot;Bookman Old Style&quot;,serif;\nmso-fareast-font-family:&quot;Times New Roman&quot;;mso-bidi-font-family:&quot;Times New Roman&quot;;\ncolor:black;mso-themecolor:text1;mso-fareast-language:PL\">:<o:p><\/o:p><\/span><\/p><p style=\"margin-top:0cm;margin-right:-7.1pt;margin-bottom:\n0cm;margin-left:0cm;margin-bottom:.0001pt;text-align:justify;line-height:120%\"><span style=\"font-family:&quot;Bookman Old Style&quot;,serif;mso-fareast-font-family:&quot;Times New Roman&quot;;\nmso-bidi-font-family:&quot;Times New Roman&quot;;color:black;mso-themecolor:text1;\nmso-fareast-language:PL\">a) w G\u0142\u00f3wnym Inspektoracie Weterynarii: <\/span><a href=\"mailto:iod@wetgiw.gov.pl\"><span style=\"font-family: &quot;Bookman Old Style&quot;, serif; color: black;\">iod@wetgiw.gov.pl<\/span><\/a><span style=\"font-family:&quot;Bookman Old Style&quot;,serif;\nmso-fareast-font-family:&quot;Times New Roman&quot;;mso-bidi-font-family:&quot;Times New Roman&quot;;\ncolor:black;mso-themecolor:text1;mso-fareast-language:PL\">., tel. 22&nbsp;623\n24 81;<o:p><\/o:p><\/span><\/p><p style=\"margin-bottom:0cm;margin-bottom:.0001pt;text-align:\njustify;line-height:120%\"><span style=\"font-family:&quot;Bookman Old Style&quot;,serif;\nmso-fareast-font-family:&quot;Times New Roman&quot;;mso-bidi-font-family:&quot;Times New Roman&quot;;\ncolor:black;mso-themecolor:text1;mso-fareast-language:PL\">b) w Wojew\u00f3dzkim\nInspektoracie Weterynarii w Siedlcach: iod@mazowsze.wiw.gov.pl, <br>\ntel. 25&nbsp;632 64 59 wew. 38;<o:p><\/o:p><\/span><\/p><p style=\"margin-bottom:0cm;margin-bottom:.0001pt;text-align:\njustify;line-height:120%\"><span style=\"font-family:&quot;Bookman Old Style&quot;,serif;\nmso-fareast-font-family:&quot;Times New Roman&quot;;mso-bidi-font-family:&quot;Times New Roman&quot;;\ncolor:black;mso-themecolor:text1;mso-fareast-language:PL\">c) w Powiatowym\nInspektoracie Weterynarii w Sierpcu: iod@sierpcpiw.eu;<o:p><\/o:p><\/span><\/p><p style=\"margin-bottom:0cm;margin-bottom:.0001pt;text-align:\njustify;line-height:120%\"><span style=\"font-family:&quot;Bookman Old Style&quot;,serif;\nmso-fareast-font-family:&quot;Times New Roman&quot;;mso-bidi-font-family:&quot;Times New Roman&quot;;\ncolor:black;mso-themecolor:text1;mso-fareast-language:PL\">3) dane osobowe\nprzetwarzane b\u0119d\u0105 w celu <\/span><span style=\"font-family:&quot;Bookman Old Style&quot;,serif;\nmso-fareast-font-family:&quot;Times New Roman&quot;;mso-bidi-font-family:&quot;Times New Roman&quot;;\nmso-fareast-language:PL\">prowadzenia rejestr\u00f3w i wykaz\u00f3w na podstawie obecnie\nobowi\u0105zuj\u0105cych przepis\u00f3w weterynaryjnych;<o:p><\/o:p><\/span><\/p><p style=\"margin-bottom:0cm;margin-bottom:.0001pt;text-align:\njustify;line-height:120%\"><span style=\"font-family:&quot;Bookman Old Style&quot;,serif;\nmso-fareast-font-family:&quot;Times New Roman&quot;;mso-bidi-font-family:&quot;Times New Roman&quot;;\nmso-fareast-language:PL\">4) <\/span><span style=\"font-family:&quot;Bookman Old Style&quot;,serif\">dane\nosobowe s\u0105 przetwarzane przez okres wymagany prawem, okre\u015blony <br>\nw szczeg\u00f3lno\u015bci na podstawie przepis\u00f3w o narodowym zasobie archiwalnym<br>\n&nbsp;i&nbsp;\narchiwach<\/span><span style=\"font-family:&quot;Bookman Old Style&quot;,serif;\nmso-fareast-font-family:&quot;Times New Roman&quot;;mso-bidi-font-family:&quot;Times New Roman&quot;;\nmso-fareast-language:PL\">;<o:p><\/o:p><\/span><\/p><p style=\"margin-bottom:0cm;margin-bottom:.0001pt;text-align:\njustify;line-height:120%\"><span style=\"font-family:&quot;Bookman Old Style&quot;,serif;\nmso-fareast-font-family:&quot;Times New Roman&quot;;mso-bidi-font-family:&quot;Times New Roman&quot;;\nmso-fareast-language:PL\">5) w przypadku publicznego charakteru\nrejestru\/wykazu\/listy dane te s\u0105 powszechnie dost\u0119pne, w innych przypadkach dane\nosobowe nie s\u0105 przekazywane innym odbiorcom;<o:p><\/o:p><\/span><\/p><p style=\"margin-bottom:0cm;margin-bottom:.0001pt;text-align:\njustify;line-height:120%\"><span style=\"font-family:&quot;Bookman Old Style&quot;,serif;\nmso-fareast-font-family:&quot;Times New Roman&quot;;mso-bidi-font-family:&quot;Times New Roman&quot;;\nmso-fareast-language:PL\">6) <\/span><span style=\"font-family:&quot;Bookman Old Style&quot;,serif\">ka\u017cdy,\nkt\u00f3rego dane osobowe s\u0105 przetwarzane, ma prawo do \u017c\u0105dania dost\u0119pu do swoich\ndanych osobowych, ich sprostowania lub ograniczenia przetwarzania<\/span><span style=\"font-family:&quot;Bookman Old Style&quot;,serif;mso-fareast-font-family:&quot;Times New Roman&quot;;\nmso-bidi-font-family:&quot;Times New Roman&quot;;mso-fareast-language:PL\">;<o:p><\/o:p><\/span><\/p><p style=\"margin-bottom:0cm;margin-bottom:.0001pt;text-align:\njustify;line-height:120%\"><span style=\"font-family:&quot;Bookman Old Style&quot;,serif;\nmso-fareast-font-family:&quot;Times New Roman&quot;;mso-bidi-font-family:&quot;Times New Roman&quot;;\nmso-fareast-language:PL\">7) maj\u0105 Pa\u0144stwo prawo wnie\u015b\u0107 skarg\u0119 do organu\nnadzorczego, kt\u00f3rym w Polsce jest Prezes Urz\u0119du Ochrony Danych Osobowych (adres\nsiedziby: ul. Stawki 2, 00-193 Warszawa);<o:p><\/o:p><\/span><\/p><p style=\"margin-bottom:0cm;margin-bottom:.0001pt;text-align:\njustify;line-height:120%\"><span style=\"font-family:&quot;Bookman Old Style&quot;,serif;\nmso-fareast-font-family:&quot;Times New Roman&quot;;mso-bidi-font-family:&quot;Times New Roman&quot;;\nmso-fareast-language:PL\">8) <\/span><span style=\"font-family:&quot;Bookman Old Style&quot;,serif\">podanie\ndanych osobowych jest konieczne w celu realizacji sprawy, z kt\u00f3r\u0105 zwraca si\u0119<\/span>\n<span style=\"font-family:&quot;Bookman Old Style&quot;,serif\">osoba fizyczna do organu\nInspekcji Weterynaryjnej<\/span><span style=\"font-family:&quot;Bookman Old Style&quot;,serif;\nmso-fareast-font-family:&quot;Times New Roman&quot;;mso-bidi-font-family:&quot;Times New Roman&quot;;\nmso-fareast-language:PL\">;<o:p><\/o:p><\/span><\/p><p style=\"margin-bottom: .0001pt; text-align: justify; text-indent: 35.4pt; line-height: 120%;\">\n\n\n\n\n\n\n\n\n\n\n\n\n\n\n\n\n\n\n\n\n\n\n\n\n\n\n\n\n\n\n\n\n\n<\/p><p style=\"margin-bottom:0cm;margin-bottom:.0001pt;text-align:\njustify;line-height:120%\"><span style=\"font-family:&quot;Bookman Old Style&quot;,serif;\nmso-fareast-font-family:&quot;Times New Roman&quot;;mso-bidi-font-family:&quot;Times New Roman&quot;;\nmso-fareast-language:PL\">9) &nbsp;Inspekcja\nWeterynaryjna nie posiada uprawnie\u0144 do wydawania decyzji, o kt\u00f3rej mowa w art.\n22 ust. 1 RODO, co oznacza, \u017ce \u017cadne rozstrzygni\u0119cia dotycz\u0105ce Pa\u0144stwa nie b\u0119d\u0105\nzapada\u0107 automatycznie oraz nie b\u0119d\u0105 tworzone Pa\u0144stwa profile.<o:p><\/o:p><\/span><\/p>\t\t\t\t\t<\/div>\n\t\t\t\t\t\t<\/div>\n\t\t\t\t<\/div>\n\t\t\t\t\t\t<\/div>\n\t\t\t\t\t<\/div>\n\t\t<\/div>\n\t\t\t\t\t\t\t\t<\/div>\n\t\t\t\t\t<\/div>\n\t\t<\/section>\n\t\t\t\t\t\t\t\t\t<\/div>\n\t\t\t<\/div>\n\t\t\t\t\t<\/div>\n\t\t","protected":false},"excerpt":{"rendered":"<p>Klauzula informacyjna dla kontrahent\u00f3w Powiatowego Inspektoratu Weterynarii w Sierpcu \u00a0 \u00a0\u00a0\u00a0\u00a0\u00a0\u00a0\u00a0\u00a0 Na podstawie art. 13 ust. 1 i 2 rozporz\u0105dzenia Parlamentu Europejskiego i Rady (UE) 2016\/679 z dnia 27 kwietnia 2016 r. w sprawie ochrony os\u00f3b fizycznych w zwi\u0105zku z przetwarzaniem danych osobowych i w sprawie swobodnego przep\u0142ywu takich danych oraz uchylenia dyrektywy 95\/46\/WE (og\u00f3lne [&hellip;]<\/p>\n","protected":false},"author":1,"featured_media":0,"parent":0,"menu_order":0,"comment_status":"closed","ping_status":"closed","template":"","meta":{"footnotes":""},"class_list":["post-87","page","type-page","status-publish","hentry","post"],"_links":{"self":[{"href":"https:\/\/sierpcpiw.eu\/index.php\/wp-json\/wp\/v2\/pages\/87","targetHints":{"allow":["GET"]}}],"collection":[{"href":"https:\/\/sierpcpiw.eu\/index.php\/wp-json\/wp\/v2\/pages"}],"about":[{"href":"https:\/\/sierpcpiw.eu\/index.php\/wp-json\/wp\/v2\/types\/page"}],"author":[{"embeddable":true,"href":"https:\/\/sierpcpiw.eu\/index.php\/wp-json\/wp\/v2\/users\/1"}],"replies":[{"embeddable":true,"href":"https:\/\/sierpcpiw.eu\/index.php\/wp-json\/wp\/v2\/comments?post=87"}],"version-history":[{"count":18,"href":"https:\/\/sierpcpiw.eu\/index.php\/wp-json\/wp\/v2\/pages\/87\/revisions"}],"predecessor-version":[{"id":1521,"href":"https:\/\/sierpcpiw.eu\/index.php\/wp-json\/wp\/v2\/pages\/87\/revisions\/1521"}],"wp:attachment":[{"href":"https:\/\/sierpcpiw.eu\/index.php\/wp-json\/wp\/v2\/media?parent=87"}],"curies":[{"name":"wp","href":"https:\/\/api.w.org\/{rel}","templated":true}]}}